{"id":7606,"date":"2015-06-02T11:45:39","date_gmt":"2015-06-02T09:45:39","guid":{"rendered":"https:\/\/colchoneriamontserrat.pixupbusiness.com\/te-asesoramos-2\/"},"modified":"2024-12-27T09:49:35","modified_gmt":"2024-12-27T08:49:35","slug":"te-asesoramos","status":"publish","type":"page","link":"https:\/\/colchoneriamontserrat.pixupbusiness.com\/ca\/te-asesoramos\/","title":{"rendered":"Te Asesoramos"},"content":{"rendered":"<div class=\"row row-custom-padding\" style=\"padding-top:20px;padding-bottom:60px;\">\n<div class=\"column col-md-12\"  ><h2 style=\"text-align: center\">El descanso es una de las tres necesidades b\u00e1sicas del ser humano y debemos prestarle la atenci\u00f3n que se merece<\/h2><div class=\"single-image  image-center\"><img loading=\"lazy\" decoding=\"async\" width=\"2560\" height=\"1810\" src=\"https:\/\/colchoneriamontserrat.pixupbusiness.com\/wp-content\/uploads\/2024\/11\/ColchoneriaMontserrat-RafaPuga-2024-1-scaled.jpg\" class=\"box-default attachment-full\" alt=\"\" srcset=\"https:\/\/colchoneriamontserrat.pixupbusiness.com\/wp-content\/uploads\/2024\/11\/ColchoneriaMontserrat-RafaPuga-2024-1-scaled.jpg 2560w, https:\/\/colchoneriamontserrat.pixupbusiness.com\/wp-content\/uploads\/2024\/11\/ColchoneriaMontserrat-RafaPuga-2024-1-scaled-700x495.jpg 700w, https:\/\/colchoneriamontserrat.pixupbusiness.com\/wp-content\/uploads\/2024\/11\/ColchoneriaMontserrat-RafaPuga-2024-1-scaled-64x45.jpg 64w, https:\/\/colchoneriamontserrat.pixupbusiness.com\/wp-content\/uploads\/2024\/11\/ColchoneriaMontserrat-RafaPuga-2024-1-300x212.jpg 300w, https:\/\/colchoneriamontserrat.pixupbusiness.com\/wp-content\/uploads\/2024\/11\/ColchoneriaMontserrat-RafaPuga-2024-1-1024x724.jpg 1024w, https:\/\/colchoneriamontserrat.pixupbusiness.com\/wp-content\/uploads\/2024\/11\/ColchoneriaMontserrat-RafaPuga-2024-1-768x543.jpg 768w, https:\/\/colchoneriamontserrat.pixupbusiness.com\/wp-content\/uploads\/2024\/11\/ColchoneriaMontserrat-RafaPuga-2024-1-1536x1086.jpg 1536w, https:\/\/colchoneriamontserrat.pixupbusiness.com\/wp-content\/uploads\/2024\/11\/ColchoneriaMontserrat-RafaPuga-2024-1-2048x1448.jpg 2048w\" sizes=\"auto, (max-width: 2560px) 100vw, 2560px\" \/><\/div><div class=\"empty-space\"  style=\"height: 40px\"><\/div><div class=\"text-block\"><p>Rafa Puga, gerente y segunda generaci\u00f3n de Colchoner\u00eda Montserrat.<\/p>\n<p>&nbsp;<\/p>\n<p>Si est\u00e1s buscando precio, no somos tu tienda. Siempre encontrar\u00e1s opciones m\u00e1s econ\u00f3micas. Ahora bien, si necesitas que te ayudemos a buscar un buen colch\u00f3n con una buena relaci\u00f3n calidad-precio; a eso si podemos ayudarte.<\/p>\n<p>&nbsp;<\/p>\n<p>Es posible que si est\u00e1s pensando en comprar un colch\u00f3n o una cama, alguna de estas preguntas se te hayan pasado por la cabeza:<\/p>\n<p>\u00b7 \u00bfQu\u00e9 colch\u00f3n es el mejor? \u00bfO cu\u00e1l es m\u00e1s recomendable? \u00bfMuelles? \u00bfL\u00e1tex? \u00bfViscoel\u00e1stica?<\/p>\n<p>\u00b7 \u00bfPor d\u00f3nde empiezo entre las muchas opciones que he visto en tiendas o en internet?<\/p>\n<p>\u00b7 Uno me dice una cosa, el otro otra cosa\u2026 no queda claro \u00bfa qui\u00e9n creo?<\/p>\n<p>\u00b7 \u00bfQu\u00e9 marca o fabricante me va a dar mejores garant\u00edas para mi espalda?<\/p>\n<p>\u00b7 Tengo un presupuesto determinado, \u00bfser\u00e1 suficiente para el descanso que necesito?<\/p>\n<p>\u00b7 \u00bfY si no me adapto al colch\u00f3n? \u00bfY si escojo mal? \u00bfMe lo tengo que quedar?<\/p>\n<p>Si alguna vez has pensado alguna de estas preguntas, hay algo que si est\u00e1 claro: necesitas asesoramiento personalizado y que alguien anteponga tus intereses a los suyos propios. Llevamos casi 50 a\u00f1os asesorando y ayudando diariamente a nuestros clientes en nuestras tiendas a encontrar la mejor soluci\u00f3n para ellos y nuestra intenci\u00f3n es ayudarte a ti igual que ellos.<\/p>\n<p>&nbsp;<\/p>\n<p>Quiz\u00e1s sea de tu inter\u00e9s que te contemos algo sobre nosotros. Colchoner\u00eda Montserrat empieza en 1977 como distribuidor al por mayor de almohadas, cojines y fundas en un peque\u00f1o almac\u00e9n de Cornell\u00e1 de Llobregat. Montserrat confeccionaba y Rafael repart\u00eda a los clientes. Unos a\u00f1os despu\u00e9s, se abre la primera tienda donde se exponen los primeros colchones en posici\u00f3n horizontal para que el cliente pueda probarlos. Por entonces, en aquellos a\u00f1os, los colchones se expon\u00edan en vertical y los clientes no los probaban.<\/p>\n<p>En 1985 se traslada esta tienda a otra m\u00e1s grande, que es donde actualmente est\u00e1 ubicada, para ampliar el servicio de productos para as\u00ed convertirse en la colchoner\u00eda de referencia de la poblaci\u00f3n, y con los a\u00f1os, de parte del Baix Llobregat Sur. Fruto de ello, en 1993, se abre una segunda tienda en Sant Boi de Llobregat.<\/p>\n<p>Con la entrada de la segunda generaci\u00f3n en la empresa se inicia un proceso de transformaci\u00f3n<span class=\"Apple-converted-space\">\u00a0 <\/span>apostando por las nuevas tecnolog\u00edas de una manera decidida con productos de \u00faltima generaci\u00f3n y los mejores sistemas de descanso. Una formaci\u00f3n constante, visitas a las mayores fabricas y a las ferias nacionales e internacionales de referencia, son clave. Todos nuestros productos nacen de una necesidad real que detectamos en el mercado a trav\u00e9s de lo que nos transmiten nuestros clientes de nuestras tiendas f\u00edsicas. Cada a\u00f1o seleccionamos las mejores tecnolog\u00edas que consideramos mejor cubren las necesidades de descanso de nuestros clientes de entre m\u00e1s de 50 fabricantes nacionales e internacionales.<\/p>\n<p>Actualmente, Colchoner\u00eda Montserrat, es una empresa consolidada en el sector descanso que pone su asesoramiento, conocimiento y experiencia al servicio de sus clientes tanto en tiendas f\u00edsicas como en su tienda online. Contamos con clientes en todo el territorio nacional e internacional a los que damos servicio a trav\u00e9s de fabricantes, partners y servicios log\u00edsticos especializados.<\/p>\n<p>Desde entonces hemos ayudado a m\u00e1s de 80.000 clientes a encontrar la soluci\u00f3n de descanso ideal para ellos.<\/p>\n<p>&nbsp;<\/p>\n<p>Cu\u00e9ntanos en qu\u00e9 podemos ayudarte y personaliza tu descanso de forma c\u00f3moda y segura.<\/p>\n<\/div><\/div>\n<\/div><div class=\"row row-custom-padding\" style=\"padding-top:20px;padding-bottom:20px;background-color:#f7f7f7;\">\n<div class=\"column col-md-6 col-sm-6\"  ><h3 style=\"text-align: left\">Servicios en descanso<br \/>\n<\/h3><div class=\"empty-space\"  style=\"height: 20px\"><\/div><div class=\"text-block\"><p>Como profesionales y asesores de referencia dedicados al sector del descanso, nuestra vocaci\u00f3n no acaba en el asesoramiento y entrega del producto escogido, sino que ofrecemos una serie de servicios que se han ido ampliando con los a\u00f1os en funci\u00f3n de lo que nuestros clientes nos han ido solicitando:<\/p>\n<ul>\n<li>Entrega express en el mismo d\u00eda o m\u00e1ximo en 24-48horas.<\/li>\n<li>Asesoramiento personal a domicilio para clientes con problemas de mobilidad.<\/li>\n<li>Servicio nacional de entregas en cualquier rinc\u00f3n de Espa\u00f1a.<\/li>\n<li>Financiaci\u00f3n en 3, 6, 12 y 24 meses.<\/li>\n<li>Medidas especiales. Colchones y bases de cualquier ancho y largo.<\/li>\n<\/ul>\n<\/div><\/div><div class=\"column col-md-6 col-sm-6\"  ><h3 style=\"text-align: left\">Consejos para tu descanso <\/h3><div class=\"empty-space\"  style=\"height: 20px\"><\/div><div class=\"text-block\"><p>Siempre escuchar\u00e1s nuestros consejos y recomendaciones m\u00e1s all\u00e1 de las tecnolog\u00edas y modas del momento. Una vida dedicada al descanso y al servicio al cliente tiene la ventaja de conocer todos los sistemas de descanso e interpretarlos en funci\u00f3n de las necesidades de cada uno. Siempre recibir\u00e1s consejos sin importar el tipo de colch\u00f3n, base, almohada o complemento que desees comprar. Y tampoco nos importa la inversi\u00f3n que realices. Solo importa tu descanso y satisfacci\u00f3n.<\/p>\n<\/div><\/div>\n<\/div>\n","protected":false},"excerpt":{"rendered":"El descanso es una de las tres necesidades b\u00e1sicas del ser humano y debemos prestarle la atenci\u00f3n que se mereceRafa Puga, gerente y segunda generaci\u00f3n de Colchoner\u00eda Montserrat. &nbsp; Si est\u00e1s buscando precio, no somos tu tienda. Siempre encontrar\u00e1s opciones m\u00e1s econ\u00f3micas. Ahora bien, si necesitas que te ayudemos a buscar un buen colch\u00f3n con una buena relaci\u00f3n calidad-precio; a&hellip; <a class=\"continue\" href=\"https:\/\/colchoneriamontserrat.pixupbusiness.com\/ca\/te-asesoramos\/\">Continuar leyendo<span> Te Asesoramos<\/span><\/a>","protected":false},"author":1,"featured_media":0,"parent":0,"menu_order":0,"comment_status":"open","ping_status":"open","template":"page-no-sidebar.php","meta":{"footnotes":""},"class_list":["post-7606","page","type-page","status-publish","hentry"],"yoast_head":"<!-- This site is optimized with the Yoast SEO plugin v25.5 - https:\/\/yoast.com\/wordpress\/plugins\/seo\/ -->\n<title>Te Asesoramos - Colchoneria Montserrat<\/title>\n<meta name=\"robots\" content=\"noindex, follow, max-snippet:-1, max-image-preview:large, max-video-preview:-1\" \/>\n<meta property=\"og:locale\" content=\"ca_ES\" \/>\n<meta property=\"og:type\" content=\"article\" \/>\n<meta property=\"og:title\" content=\"Te Asesoramos - Colchoneria Montserrat\" \/>\n<meta property=\"og:url\" content=\"https:\/\/colchoneriamontserrat.pixupbusiness.com\/ca\/te-asesoramos\/\" \/>\n<meta property=\"og:site_name\" content=\"Colchoneria Montserrat\" \/>\n<meta property=\"article:publisher\" content=\"https:\/\/www.facebook.com\/colchoneriamontserrat\" \/>\n<meta property=\"article:modified_time\" content=\"2024-12-27T08:49:35+00:00\" \/>\n<meta name=\"twitter:card\" content=\"summary_large_image\" \/>\n<meta name=\"twitter:label1\" content=\"Temps estimat de lectura\" \/>\n\t<meta name=\"twitter:data1\" content=\"5 minuts\" \/>\n<script type=\"application\/ld+json\" class=\"yoast-schema-graph\">{\"@context\":\"https:\/\/schema.org\",\"@graph\":[{\"@type\":\"WebPage\",\"@id\":\"https:\/\/colchoneriamontserrat.pixupbusiness.com\/ca\/te-asesoramos\/\",\"url\":\"https:\/\/colchoneriamontserrat.pixupbusiness.com\/ca\/te-asesoramos\/\",\"name\":\"Te Asesoramos - Colchoneria Montserrat\",\"isPartOf\":{\"@id\":\"https:\/\/colchoneriamontserrat.pixupbusiness.com\/#website\"},\"datePublished\":\"2015-06-02T09:45:39+00:00\",\"dateModified\":\"2024-12-27T08:49:35+00:00\",\"breadcrumb\":{\"@id\":\"https:\/\/colchoneriamontserrat.pixupbusiness.com\/ca\/te-asesoramos\/#breadcrumb\"},\"inLanguage\":\"ca\",\"potentialAction\":[{\"@type\":\"ReadAction\",\"target\":[\"https:\/\/colchoneriamontserrat.pixupbusiness.com\/ca\/te-asesoramos\/\"]}]},{\"@type\":\"BreadcrumbList\",\"@id\":\"https:\/\/colchoneriamontserrat.pixupbusiness.com\/ca\/te-asesoramos\/#breadcrumb\",\"itemListElement\":[{\"@type\":\"ListItem\",\"position\":1,\"name\":\"Portada\",\"item\":\"https:\/\/colchoneriamontserrat.pixupbusiness.com\/ca\/\"},{\"@type\":\"ListItem\",\"position\":2,\"name\":\"Te Asesoramos\"}]},{\"@type\":\"WebSite\",\"@id\":\"https:\/\/colchoneriamontserrat.pixupbusiness.com\/#website\",\"url\":\"https:\/\/colchoneriamontserrat.pixupbusiness.com\/\",\"name\":\"Colchoneria Montserrat\",\"description\":\"\",\"publisher\":{\"@id\":\"https:\/\/colchoneriamontserrat.pixupbusiness.com\/#organization\"},\"potentialAction\":[{\"@type\":\"SearchAction\",\"target\":{\"@type\":\"EntryPoint\",\"urlTemplate\":\"https:\/\/colchoneriamontserrat.pixupbusiness.com\/?s={search_term_string}\"},\"query-input\":{\"@type\":\"PropertyValueSpecification\",\"valueRequired\":true,\"valueName\":\"search_term_string\"}}],\"inLanguage\":\"ca\"},{\"@type\":\"Organization\",\"@id\":\"https:\/\/colchoneriamontserrat.pixupbusiness.com\/#organization\",\"name\":\"Colchoneria Montserrat\",\"url\":\"https:\/\/colchoneriamontserrat.pixupbusiness.com\/\",\"logo\":{\"@type\":\"ImageObject\",\"inLanguage\":\"ca\",\"@id\":\"https:\/\/colchoneriamontserrat.pixupbusiness.com\/#\/schema\/logo\/image\/\",\"url\":\"https:\/\/colchoneriamontserrat.pixupbusiness.com\/wp-content\/uploads\/2023\/06\/Logo-Montserrat-2022-BLACK.png\",\"contentUrl\":\"https:\/\/colchoneriamontserrat.pixupbusiness.com\/wp-content\/uploads\/2023\/06\/Logo-Montserrat-2022-BLACK.png\",\"width\":600,\"height\":183,\"caption\":\"Colchoneria Montserrat\"},\"image\":{\"@id\":\"https:\/\/colchoneriamontserrat.pixupbusiness.com\/#\/schema\/logo\/image\/\"},\"sameAs\":[\"https:\/\/www.facebook.com\/colchoneriamontserrat\"]}]}<\/script>\n<!-- \/ Yoast SEO plugin. -->","yoast_head_json":{"title":"Te Asesoramos - Colchoneria Montserrat","robots":{"index":"noindex","follow":"follow","max-snippet":"max-snippet:-1","max-image-preview":"max-image-preview:large","max-video-preview":"max-video-preview:-1"},"og_locale":"ca_ES","og_type":"article","og_title":"Te Asesoramos - Colchoneria Montserrat","og_url":"https:\/\/colchoneriamontserrat.pixupbusiness.com\/ca\/te-asesoramos\/","og_site_name":"Colchoneria Montserrat","article_publisher":"https:\/\/www.facebook.com\/colchoneriamontserrat","article_modified_time":"2024-12-27T08:49:35+00:00","twitter_card":"summary_large_image","twitter_misc":{"Temps estimat de lectura":"5 minuts"},"schema":{"@context":"https:\/\/schema.org","@graph":[{"@type":"WebPage","@id":"https:\/\/colchoneriamontserrat.pixupbusiness.com\/ca\/te-asesoramos\/","url":"https:\/\/colchoneriamontserrat.pixupbusiness.com\/ca\/te-asesoramos\/","name":"Te Asesoramos - Colchoneria Montserrat","isPartOf":{"@id":"https:\/\/colchoneriamontserrat.pixupbusiness.com\/#website"},"datePublished":"2015-06-02T09:45:39+00:00","dateModified":"2024-12-27T08:49:35+00:00","breadcrumb":{"@id":"https:\/\/colchoneriamontserrat.pixupbusiness.com\/ca\/te-asesoramos\/#breadcrumb"},"inLanguage":"ca","potentialAction":[{"@type":"ReadAction","target":["https:\/\/colchoneriamontserrat.pixupbusiness.com\/ca\/te-asesoramos\/"]}]},{"@type":"BreadcrumbList","@id":"https:\/\/colchoneriamontserrat.pixupbusiness.com\/ca\/te-asesoramos\/#breadcrumb","itemListElement":[{"@type":"ListItem","position":1,"name":"Portada","item":"https:\/\/colchoneriamontserrat.pixupbusiness.com\/ca\/"},{"@type":"ListItem","position":2,"name":"Te Asesoramos"}]},{"@type":"WebSite","@id":"https:\/\/colchoneriamontserrat.pixupbusiness.com\/#website","url":"https:\/\/colchoneriamontserrat.pixupbusiness.com\/","name":"Colchoneria Montserrat","description":"","publisher":{"@id":"https:\/\/colchoneriamontserrat.pixupbusiness.com\/#organization"},"potentialAction":[{"@type":"SearchAction","target":{"@type":"EntryPoint","urlTemplate":"https:\/\/colchoneriamontserrat.pixupbusiness.com\/?s={search_term_string}"},"query-input":{"@type":"PropertyValueSpecification","valueRequired":true,"valueName":"search_term_string"}}],"inLanguage":"ca"},{"@type":"Organization","@id":"https:\/\/colchoneriamontserrat.pixupbusiness.com\/#organization","name":"Colchoneria Montserrat","url":"https:\/\/colchoneriamontserrat.pixupbusiness.com\/","logo":{"@type":"ImageObject","inLanguage":"ca","@id":"https:\/\/colchoneriamontserrat.pixupbusiness.com\/#\/schema\/logo\/image\/","url":"https:\/\/colchoneriamontserrat.pixupbusiness.com\/wp-content\/uploads\/2023\/06\/Logo-Montserrat-2022-BLACK.png","contentUrl":"https:\/\/colchoneriamontserrat.pixupbusiness.com\/wp-content\/uploads\/2023\/06\/Logo-Montserrat-2022-BLACK.png","width":600,"height":183,"caption":"Colchoneria Montserrat"},"image":{"@id":"https:\/\/colchoneriamontserrat.pixupbusiness.com\/#\/schema\/logo\/image\/"},"sameAs":["https:\/\/www.facebook.com\/colchoneriamontserrat"]}]}},"_links":{"self":[{"href":"https:\/\/colchoneriamontserrat.pixupbusiness.com\/ca\/wp-json\/wp\/v2\/pages\/7606","targetHints":{"allow":["GET"]}}],"collection":[{"href":"https:\/\/colchoneriamontserrat.pixupbusiness.com\/ca\/wp-json\/wp\/v2\/pages"}],"about":[{"href":"https:\/\/colchoneriamontserrat.pixupbusiness.com\/ca\/wp-json\/wp\/v2\/types\/page"}],"author":[{"embeddable":true,"href":"https:\/\/colchoneriamontserrat.pixupbusiness.com\/ca\/wp-json\/wp\/v2\/users\/1"}],"replies":[{"embeddable":true,"href":"https:\/\/colchoneriamontserrat.pixupbusiness.com\/ca\/wp-json\/wp\/v2\/comments?post=7606"}],"version-history":[{"count":19,"href":"https:\/\/colchoneriamontserrat.pixupbusiness.com\/ca\/wp-json\/wp\/v2\/pages\/7606\/revisions"}],"predecessor-version":[{"id":29401,"href":"https:\/\/colchoneriamontserrat.pixupbusiness.com\/ca\/wp-json\/wp\/v2\/pages\/7606\/revisions\/29401"}],"wp:attachment":[{"href":"https:\/\/colchoneriamontserrat.pixupbusiness.com\/ca\/wp-json\/wp\/v2\/media?parent=7606"}],"curies":[{"name":"wp","href":"https:\/\/api.w.org\/{rel}","templated":true}]}}