{"id":28008,"date":"2024-12-03T12:33:00","date_gmt":"2024-12-03T11:33:00","guid":{"rendered":"https:\/\/colchoneriamontserrat.pixupbusiness.com\/producto\/almohada-velfont-antiacaros-doble-funda\/"},"modified":"2025-07-04T17:11:59","modified_gmt":"2025-07-04T16:11:59","slug":"almohada-velfont-antiacaros-doble-funda","status":"publish","type":"product","link":"https:\/\/colchoneriamontserrat.pixupbusiness.com\/ca\/producto\/almohada-velfont-antiacaros-doble-funda\/","title":{"rendered":"ALMOHADA VELFONT ANTI\u00c1CAROS DOBLE FUNDA"},"content":{"rendered":"<p>La Almohada Anti\u00e1caros de Velfont es una almohada confeccionada con tejido algod\u00f3n y relleno de fibra de gran calidad con tratamiento anti\u00e1caros Acarsan Natural\u00ae con extractos vegetales. Ha sido testada cient\u00edficamente y mantiene sus propiedades despu\u00e9s de los lavados.<br \/>\nSu relleno es de fibra hueca conjugada, que aporta volumen, ligereza, suavidad, tacto seda, elasticidad y gran capacidad de recuperaci\u00f3n, adem\u00e1s de ser muy resistente al uso y a los lavados. Esta almohada ha sido especialmente desarrollada para personas al\u00e9rgicas a los \u00e1caros y para aquellas que buscan un descanso saludable.<\/p>\n","protected":false},"excerpt":{"rendered":"<p>La Almohada Anti\u00e1caros de Velfont es una almohada confeccionada con tejido algod\u00f3n y relleno de fibra de gran calidad con tratamiento anti\u00e1caros Acarsan Natural\u00ae con extractos vegetales. Ha sido testada cient\u00edficamente y mantiene sus propiedades despu\u00e9s de los lavados.<br \/>\nSu relleno es de fibra hueca conjugada, que aporta volumen, ligereza, suavidad, tacto seda, elasticidad y gran capacidad de recuperaci\u00f3n, adem\u00e1s de ser muy resistente al uso y a los lavados. Esta almohada ha sido especialmente desarrollada para personas al\u00e9rgicas a los \u00e1caros y para aquellas que buscan un descanso saludable. <a class=\"continue\" href=\"https:\/\/colchoneriamontserrat.pixupbusiness.com\/ca\/producto\/almohada-velfont-antiacaros-doble-funda\/\">Continuar leyendo<span> ALMOHADA VELFONT ANTI\u00c1CAROS DOBLE FUNDA<\/span><\/a><\/p>\n","protected":false},"featured_media":32839,"comment_status":"open","ping_status":"closed","template":"","meta":[],"class_list":["post-28008","product","type-product","status-publish","has-post-thumbnail","hentry","product_cat-almohada-de-fibra","product_cat-almohadas","product_shipping_class-petits-productes"],"yoast_head":"<!-- This site is optimized with the Yoast SEO plugin v25.5 - https:\/\/yoast.com\/wordpress\/plugins\/seo\/ -->\n<title>ALMOHADA VELFONT ANTI\u00c1CAROS DOBLE FUNDA - Colchoneria Montserrat<\/title>\n<meta name=\"robots\" content=\"noindex, follow, max-snippet:-1, max-image-preview:large, max-video-preview:-1\" \/>\n<meta property=\"og:locale\" content=\"ca_ES\" \/>\n<meta property=\"og:type\" content=\"article\" \/>\n<meta property=\"og:title\" content=\"ALMOHADA VELFONT ANTI\u00c1CAROS DOBLE FUNDA - Colchoneria Montserrat\" \/>\n<meta property=\"og:description\" content=\"La Almohada Anti\u00e1caros de Velfont es una almohada confeccionada con tejido algod\u00f3n y relleno de fibra de gran calidad con tratamiento anti\u00e1caros Acarsan Natural\u00ae con extractos vegetales. Ha sido testada cient\u00edficamente y mantiene sus propiedades despu\u00e9s de los lavados. Su relleno es de fibra hueca conjugada, que aporta volumen, ligereza, suavidad, tacto seda, elasticidad y gran capacidad de recuperaci\u00f3n, adem\u00e1s de ser muy resistente al uso y a los lavados. Esta almohada ha sido especialmente desarrollada para personas al\u00e9rgicas a los \u00e1caros y para aquellas que buscan un descanso saludable. Continuar leyendo ALMOHADA VELFONT ANTI\u00c1CAROS DOBLE FUNDA\" \/>\n<meta property=\"og:url\" content=\"https:\/\/colchoneriamontserrat.pixupbusiness.com\/producto\/almohada-velfont-antiacaros-doble-funda\/\" \/>\n<meta property=\"og:site_name\" content=\"Colchoneria Montserrat\" \/>\n<meta property=\"article:publisher\" content=\"https:\/\/www.facebook.com\/colchoneriamontserrat\" \/>\n<meta property=\"article:modified_time\" content=\"2025-07-04T16:11:59+00:00\" \/>\n<meta property=\"og:image\" content=\"https:\/\/colchoneriamontserrat.pixupbusiness.com\/wp-content\/uploads\/2025\/07\/sai_5263d3cb00c5f73d0fb9059ec230815c-4.png\" \/>\n\t<meta property=\"og:image:width\" content=\"675\" \/>\n\t<meta property=\"og:image:height\" content=\"675\" \/>\n\t<meta property=\"og:image:type\" content=\"image\/png\" \/>\n<meta name=\"twitter:card\" content=\"summary_large_image\" \/>\n<script type=\"application\/ld+json\" class=\"yoast-schema-graph\">{\"@context\":\"https:\/\/schema.org\",\"@graph\":[{\"@type\":\"WebPage\",\"@id\":\"https:\/\/colchoneriamontserrat.pixupbusiness.com\/producto\/almohada-velfont-antiacaros-doble-funda\/\",\"url\":\"https:\/\/colchoneriamontserrat.pixupbusiness.com\/producto\/almohada-velfont-antiacaros-doble-funda\/\",\"name\":\"ALMOHADA VELFONT ANTI\u00c1CAROS DOBLE FUNDA - Colchoneria Montserrat\",\"isPartOf\":{\"@id\":\"https:\/\/colchoneriamontserrat.pixupbusiness.com\/#website\"},\"primaryImageOfPage\":{\"@id\":\"https:\/\/colchoneriamontserrat.pixupbusiness.com\/producto\/almohada-velfont-antiacaros-doble-funda\/#primaryimage\"},\"image\":{\"@id\":\"https:\/\/colchoneriamontserrat.pixupbusiness.com\/producto\/almohada-velfont-antiacaros-doble-funda\/#primaryimage\"},\"thumbnailUrl\":\"https:\/\/colchoneriamontserrat.pixupbusiness.com\/wp-content\/uploads\/2025\/07\/sai_5263d3cb00c5f73d0fb9059ec230815c-4.png\",\"datePublished\":\"2024-12-03T11:33:00+00:00\",\"dateModified\":\"2025-07-04T16:11:59+00:00\",\"breadcrumb\":{\"@id\":\"https:\/\/colchoneriamontserrat.pixupbusiness.com\/producto\/almohada-velfont-antiacaros-doble-funda\/#breadcrumb\"},\"inLanguage\":\"ca\",\"potentialAction\":[{\"@type\":\"ReadAction\",\"target\":[\"https:\/\/colchoneriamontserrat.pixupbusiness.com\/producto\/almohada-velfont-antiacaros-doble-funda\/\"]}]},{\"@type\":\"ImageObject\",\"inLanguage\":\"ca\",\"@id\":\"https:\/\/colchoneriamontserrat.pixupbusiness.com\/producto\/almohada-velfont-antiacaros-doble-funda\/#primaryimage\",\"url\":\"https:\/\/colchoneriamontserrat.pixupbusiness.com\/wp-content\/uploads\/2025\/07\/sai_5263d3cb00c5f73d0fb9059ec230815c-4.png\",\"contentUrl\":\"https:\/\/colchoneriamontserrat.pixupbusiness.com\/wp-content\/uploads\/2025\/07\/sai_5263d3cb00c5f73d0fb9059ec230815c-4.png\",\"width\":675,\"height\":675},{\"@type\":\"BreadcrumbList\",\"@id\":\"https:\/\/colchoneriamontserrat.pixupbusiness.com\/producto\/almohada-velfont-antiacaros-doble-funda\/#breadcrumb\",\"itemListElement\":[{\"@type\":\"ListItem\",\"position\":1,\"name\":\"Portada\",\"item\":\"https:\/\/colchoneriamontserrat.pixupbusiness.com\/ca\/\"},{\"@type\":\"ListItem\",\"position\":2,\"name\":\"Tienda\",\"item\":\"https:\/\/colchoneriamontserrat.pixupbusiness.com\/tienda\/\"},{\"@type\":\"ListItem\",\"position\":3,\"name\":\"ALMOHADA VELFONT ANTI\u00c1CAROS DOBLE FUNDA\"}]},{\"@type\":\"WebSite\",\"@id\":\"https:\/\/colchoneriamontserrat.pixupbusiness.com\/#website\",\"url\":\"https:\/\/colchoneriamontserrat.pixupbusiness.com\/\",\"name\":\"Colchoneria Montserrat\",\"description\":\"\",\"publisher\":{\"@id\":\"https:\/\/colchoneriamontserrat.pixupbusiness.com\/#organization\"},\"potentialAction\":[{\"@type\":\"SearchAction\",\"target\":{\"@type\":\"EntryPoint\",\"urlTemplate\":\"https:\/\/colchoneriamontserrat.pixupbusiness.com\/?s={search_term_string}\"},\"query-input\":{\"@type\":\"PropertyValueSpecification\",\"valueRequired\":true,\"valueName\":\"search_term_string\"}}],\"inLanguage\":\"ca\"},{\"@type\":\"Organization\",\"@id\":\"https:\/\/colchoneriamontserrat.pixupbusiness.com\/#organization\",\"name\":\"Colchoneria Montserrat\",\"url\":\"https:\/\/colchoneriamontserrat.pixupbusiness.com\/\",\"logo\":{\"@type\":\"ImageObject\",\"inLanguage\":\"ca\",\"@id\":\"https:\/\/colchoneriamontserrat.pixupbusiness.com\/#\/schema\/logo\/image\/\",\"url\":\"https:\/\/colchoneriamontserrat.pixupbusiness.com\/wp-content\/uploads\/2023\/06\/Logo-Montserrat-2022-BLACK.png\",\"contentUrl\":\"https:\/\/colchoneriamontserrat.pixupbusiness.com\/wp-content\/uploads\/2023\/06\/Logo-Montserrat-2022-BLACK.png\",\"width\":600,\"height\":183,\"caption\":\"Colchoneria Montserrat\"},\"image\":{\"@id\":\"https:\/\/colchoneriamontserrat.pixupbusiness.com\/#\/schema\/logo\/image\/\"},\"sameAs\":[\"https:\/\/www.facebook.com\/colchoneriamontserrat\"]}]}<\/script>\n<!-- \/ Yoast SEO plugin. -->","yoast_head_json":{"title":"ALMOHADA VELFONT ANTI\u00c1CAROS DOBLE FUNDA - Colchoneria Montserrat","robots":{"index":"noindex","follow":"follow","max-snippet":"max-snippet:-1","max-image-preview":"max-image-preview:large","max-video-preview":"max-video-preview:-1"},"og_locale":"ca_ES","og_type":"article","og_title":"ALMOHADA VELFONT ANTI\u00c1CAROS DOBLE FUNDA - Colchoneria Montserrat","og_description":"La Almohada Anti\u00e1caros de Velfont es una almohada confeccionada con tejido algod\u00f3n y relleno de fibra de gran calidad con tratamiento anti\u00e1caros Acarsan Natural\u00ae con extractos vegetales. Ha sido testada cient\u00edficamente y mantiene sus propiedades despu\u00e9s de los lavados. Su relleno es de fibra hueca conjugada, que aporta volumen, ligereza, suavidad, tacto seda, elasticidad y gran capacidad de recuperaci\u00f3n, adem\u00e1s de ser muy resistente al uso y a los lavados. Esta almohada ha sido especialmente desarrollada para personas al\u00e9rgicas a los \u00e1caros y para aquellas que buscan un descanso saludable. Continuar leyendo ALMOHADA VELFONT ANTI\u00c1CAROS DOBLE FUNDA","og_url":"https:\/\/colchoneriamontserrat.pixupbusiness.com\/producto\/almohada-velfont-antiacaros-doble-funda\/","og_site_name":"Colchoneria Montserrat","article_publisher":"https:\/\/www.facebook.com\/colchoneriamontserrat","article_modified_time":"2025-07-04T16:11:59+00:00","og_image":[{"width":675,"height":675,"url":"https:\/\/colchoneriamontserrat.pixupbusiness.com\/wp-content\/uploads\/2025\/07\/sai_5263d3cb00c5f73d0fb9059ec230815c-4.png","type":"image\/png"}],"twitter_card":"summary_large_image","schema":{"@context":"https:\/\/schema.org","@graph":[{"@type":"WebPage","@id":"https:\/\/colchoneriamontserrat.pixupbusiness.com\/producto\/almohada-velfont-antiacaros-doble-funda\/","url":"https:\/\/colchoneriamontserrat.pixupbusiness.com\/producto\/almohada-velfont-antiacaros-doble-funda\/","name":"ALMOHADA VELFONT ANTI\u00c1CAROS DOBLE FUNDA - Colchoneria Montserrat","isPartOf":{"@id":"https:\/\/colchoneriamontserrat.pixupbusiness.com\/#website"},"primaryImageOfPage":{"@id":"https:\/\/colchoneriamontserrat.pixupbusiness.com\/producto\/almohada-velfont-antiacaros-doble-funda\/#primaryimage"},"image":{"@id":"https:\/\/colchoneriamontserrat.pixupbusiness.com\/producto\/almohada-velfont-antiacaros-doble-funda\/#primaryimage"},"thumbnailUrl":"https:\/\/colchoneriamontserrat.pixupbusiness.com\/wp-content\/uploads\/2025\/07\/sai_5263d3cb00c5f73d0fb9059ec230815c-4.png","datePublished":"2024-12-03T11:33:00+00:00","dateModified":"2025-07-04T16:11:59+00:00","breadcrumb":{"@id":"https:\/\/colchoneriamontserrat.pixupbusiness.com\/producto\/almohada-velfont-antiacaros-doble-funda\/#breadcrumb"},"inLanguage":"ca","potentialAction":[{"@type":"ReadAction","target":["https:\/\/colchoneriamontserrat.pixupbusiness.com\/producto\/almohada-velfont-antiacaros-doble-funda\/"]}]},{"@type":"ImageObject","inLanguage":"ca","@id":"https:\/\/colchoneriamontserrat.pixupbusiness.com\/producto\/almohada-velfont-antiacaros-doble-funda\/#primaryimage","url":"https:\/\/colchoneriamontserrat.pixupbusiness.com\/wp-content\/uploads\/2025\/07\/sai_5263d3cb00c5f73d0fb9059ec230815c-4.png","contentUrl":"https:\/\/colchoneriamontserrat.pixupbusiness.com\/wp-content\/uploads\/2025\/07\/sai_5263d3cb00c5f73d0fb9059ec230815c-4.png","width":675,"height":675},{"@type":"BreadcrumbList","@id":"https:\/\/colchoneriamontserrat.pixupbusiness.com\/producto\/almohada-velfont-antiacaros-doble-funda\/#breadcrumb","itemListElement":[{"@type":"ListItem","position":1,"name":"Portada","item":"https:\/\/colchoneriamontserrat.pixupbusiness.com\/ca\/"},{"@type":"ListItem","position":2,"name":"Tienda","item":"https:\/\/colchoneriamontserrat.pixupbusiness.com\/tienda\/"},{"@type":"ListItem","position":3,"name":"ALMOHADA VELFONT ANTI\u00c1CAROS DOBLE FUNDA"}]},{"@type":"WebSite","@id":"https:\/\/colchoneriamontserrat.pixupbusiness.com\/#website","url":"https:\/\/colchoneriamontserrat.pixupbusiness.com\/","name":"Colchoneria Montserrat","description":"","publisher":{"@id":"https:\/\/colchoneriamontserrat.pixupbusiness.com\/#organization"},"potentialAction":[{"@type":"SearchAction","target":{"@type":"EntryPoint","urlTemplate":"https:\/\/colchoneriamontserrat.pixupbusiness.com\/?s={search_term_string}"},"query-input":{"@type":"PropertyValueSpecification","valueRequired":true,"valueName":"search_term_string"}}],"inLanguage":"ca"},{"@type":"Organization","@id":"https:\/\/colchoneriamontserrat.pixupbusiness.com\/#organization","name":"Colchoneria Montserrat","url":"https:\/\/colchoneriamontserrat.pixupbusiness.com\/","logo":{"@type":"ImageObject","inLanguage":"ca","@id":"https:\/\/colchoneriamontserrat.pixupbusiness.com\/#\/schema\/logo\/image\/","url":"https:\/\/colchoneriamontserrat.pixupbusiness.com\/wp-content\/uploads\/2023\/06\/Logo-Montserrat-2022-BLACK.png","contentUrl":"https:\/\/colchoneriamontserrat.pixupbusiness.com\/wp-content\/uploads\/2023\/06\/Logo-Montserrat-2022-BLACK.png","width":600,"height":183,"caption":"Colchoneria Montserrat"},"image":{"@id":"https:\/\/colchoneriamontserrat.pixupbusiness.com\/#\/schema\/logo\/image\/"},"sameAs":["https:\/\/www.facebook.com\/colchoneriamontserrat"]}]}},"_links":{"self":[{"href":"https:\/\/colchoneriamontserrat.pixupbusiness.com\/ca\/wp-json\/wp\/v2\/product\/28008","targetHints":{"allow":["GET"]}}],"collection":[{"href":"https:\/\/colchoneriamontserrat.pixupbusiness.com\/ca\/wp-json\/wp\/v2\/product"}],"about":[{"href":"https:\/\/colchoneriamontserrat.pixupbusiness.com\/ca\/wp-json\/wp\/v2\/types\/product"}],"replies":[{"embeddable":true,"href":"https:\/\/colchoneriamontserrat.pixupbusiness.com\/ca\/wp-json\/wp\/v2\/comments?post=28008"}],"wp:featuredmedia":[{"embeddable":true,"href":"https:\/\/colchoneriamontserrat.pixupbusiness.com\/ca\/wp-json\/wp\/v2\/media\/32839"}],"wp:attachment":[{"href":"https:\/\/colchoneriamontserrat.pixupbusiness.com\/ca\/wp-json\/wp\/v2\/media?parent=28008"}],"curies":[{"name":"wp","href":"https:\/\/api.w.org\/{rel}","templated":true}]}}