{"id":28038,"date":"2024-12-03T12:33:28","date_gmt":"2024-12-03T11:33:28","guid":{"rendered":"https:\/\/colchoneriamontserrat.pixupbusiness.com\/producto\/cubrecolchon-velfont-max-cotton\/"},"modified":"2025-07-09T13:09:16","modified_gmt":"2025-07-09T12:09:16","slug":"cubrecolchon-velfont-max-cotton","status":"publish","type":"product","link":"https:\/\/colchoneriamontserrat.pixupbusiness.com\/ca\/producto\/cubrecolchon-velfont-max-cotton\/","title":{"rendered":"CUBRECOLCH\u00d3N VELFONT MAX COTTON"},"content":{"rendered":"<p>El cubrecolch\u00f3n Max Cotton es un producto 100% natural ya que est\u00e1 confeccionado en su totalidad con algod\u00f3n 100%. Este cubrecolch\u00f3n es reversible, es decir, puede usarse indistintamente por los dos lados adem\u00e1s que incorpora una platabanda tambi\u00e9n con tejido 100% algod\u00f3n. Se adapta a largos de colch\u00f3n de hasta 200 cm y puede asumir alturas de colch\u00f3n de hasta 35 cm.<\/p>\n<p>El Cubrecolch\u00f3n Max Cotton se ajusta con goma en todo el per\u00edmetro de la platabanda para una sujeci\u00f3n perfecta durante la noche evitando desplazamientos no deseados; adem\u00e1s, incorpora un ribete exterior para un mejor acabado. Este cubrecolch\u00f3n incrementa el confort aliviando la presi\u00f3n sobre los puntos de contacto con nuestro cuerpo y logrando un mejor descanso gracias a su relleno 100% algod\u00f3n. El relleno de algod\u00f3n act\u00faa como aislante t\u00e9rmico reduciendo la sensaci\u00f3n de calor. Todos los cubrecolchones Velfont favorecen la circulaci\u00f3n de aire en su interior eliminando la humedad que se pueda acumular adem\u00e1s de que permiten la correcta transpiraci\u00f3n.<\/p>\n<p>El cubrecolch\u00f3n Max Cotton viene en una bonita bolsa multiuso confeccionada con algod\u00f3n canvas de color beige, con asas marrones y cremallera para poder cerrarla. Cubrecolch\u00f3n ideal para: personas que buscan productos 100% naturales.<\/p>\n<p>Tejido algod\u00f3n: Confeccionado con tejido liso de algod\u00f3n.<\/p>\n<p>Relleno algod\u00f3n: Acolchado con relleno natural 100% de algod\u00f3n.<\/p>\n<p>Termo-regulador natural: Por su composici\u00f3n proporciona regulaci\u00f3n de la temperatura corporal.<\/p>\n<p>Gama Natursan\u00ae: Colecci\u00f3n de productos a partir de materias primas naturales y producci\u00f3n responsable.<\/p>\n<p>Aislante t\u00e9rmico: La lana virgen constituye un aislante t\u00e9rmico natural.<\/p>\n<p>Laterales de algod\u00f3n ajustables a largos de colch\u00f3n hasta 200 cm y altos hasta 35 cm.<\/p>\n<p>Medidas: 80 cm, 90 cm, 105 cm, 150 cm, 160 cm, 180 cm, 200 cm<\/p>\n","protected":false},"excerpt":{"rendered":"<p>El cubrecolch\u00f3n Max Cotton es un producto 100% natural ya que est\u00e1 confeccionado en su totalidad con algod\u00f3n 100%. Este cubrecolch\u00f3n es reversible, es decir, puede usarse indistintamente por los dos lados adem\u00e1s que incorpora una platabanda tambi\u00e9n con tejido 100% algod\u00f3n. Se adapta a largos de colch\u00f3n de hasta 200 cm y puede asumir alturas de colch\u00f3n de hasta 35 cm.<\/p>\n<p>El Cubrecolch\u00f3n Max Cotton se ajusta con goma en todo el per\u00edmetro de la platabanda para una sujeci\u00f3n perfecta durante la noche evitando desplazamientos no deseados; adem\u00e1s, incorpora un ribete exterior para un mejor acabado. Este cubrecolch\u00f3n incrementa el confort aliviando la presi\u00f3n sobre los puntos de contacto con nuestro cuerpo y logrando un mejor descanso gracias a su relleno 100% algod\u00f3n. El relleno de algod\u00f3n act\u00faa como aislante t\u00e9rmico reduciendo la sensaci\u00f3n de calor. Todos los cubrecolchones Velfont favorecen la circulaci\u00f3n de aire en su interior eliminando la humedad que se pueda acumular adem\u00e1s de que permiten la correcta transpiraci\u00f3n.<\/p>\n<p>El cubrecolch\u00f3n Max Cotton viene en una bonita bolsa multiuso confeccionada con algod\u00f3n canvas de color beige, con asas marrones y cremallera para poder cerrarla. Cubrecolch\u00f3n ideal para: personas que buscan productos 100% naturales.<\/p>\n<p>Tejido algod\u00f3n: Confeccionado con tejido liso de algod\u00f3n.<\/p>\n<p>Relleno algod\u00f3n: Acolchado con relleno natural 100% de algod\u00f3n.<\/p>\n<p>Termo-regulador natural: Por su composici\u00f3n proporciona regulaci\u00f3n de la temperatura corporal.<\/p>\n<p>Gama Natursan\u00ae: Colecci\u00f3n de productos a partir de materias primas naturales y producci\u00f3n responsable.<\/p>\n<p>Aislante t\u00e9rmico: La lana virgen constituye un aislante t\u00e9rmico natural.<\/p>\n<p>Laterales de algod\u00f3n ajustables a largos de colch\u00f3n hasta 200 cm y altos hasta 35 cm.<\/p>\n<p>Medidas: 80 cm, 90 cm, 105 cm, 150 cm, 160 cm, 180 cm, 200 cm <a class=\"continue\" href=\"https:\/\/colchoneriamontserrat.pixupbusiness.com\/ca\/producto\/cubrecolchon-velfont-max-cotton\/\">Continuar leyendo<span> CUBRECOLCH\u00d3N VELFONT MAX COTTON<\/span><\/a><\/p>\n","protected":false},"featured_media":32945,"comment_status":"open","ping_status":"closed","template":"","meta":[],"class_list":["post-28038","product","type-product","status-publish","has-post-thumbnail","hentry","product_cat-cubrecolchon","product_cat-proteccion-de-cama","product_shipping_class-petits-productes"],"yoast_head":"<!-- This site is optimized with the Yoast SEO plugin v25.5 - https:\/\/yoast.com\/wordpress\/plugins\/seo\/ -->\n<title>CUBRECOLCH\u00d3N VELFONT MAX COTTON - Colchoneria Montserrat<\/title>\n<meta name=\"robots\" content=\"noindex, follow, max-snippet:-1, max-image-preview:large, max-video-preview:-1\" \/>\n<meta property=\"og:locale\" content=\"ca_ES\" \/>\n<meta property=\"og:type\" content=\"article\" \/>\n<meta property=\"og:title\" content=\"CUBRECOLCH\u00d3N VELFONT MAX COTTON - Colchoneria Montserrat\" \/>\n<meta property=\"og:description\" content=\"El cubrecolch\u00f3n Max Cotton es un producto 100% natural ya que est\u00e1 confeccionado en su totalidad con algod\u00f3n 100%. Este cubrecolch\u00f3n es reversible, es decir, puede usarse indistintamente por los dos lados adem\u00e1s que incorpora una platabanda tambi\u00e9n con tejido 100% algod\u00f3n. Se adapta a largos de colch\u00f3n de hasta 200 cm y puede asumir alturas de colch\u00f3n de hasta 35 cm.  El Cubrecolch\u00f3n Max Cotton se ajusta con goma en todo el per\u00edmetro de la platabanda para una sujeci\u00f3n perfecta durante la noche evitando desplazamientos no deseados; adem\u00e1s, incorpora un ribete exterior para un mejor acabado. Este cubrecolch\u00f3n incrementa el confort aliviando la presi\u00f3n sobre los puntos de contacto con nuestro cuerpo y logrando un mejor descanso gracias a su relleno 100% algod\u00f3n. El relleno de algod\u00f3n act\u00faa como aislante t\u00e9rmico reduciendo la sensaci\u00f3n de calor. Todos los cubrecolchones Velfont favorecen la circulaci\u00f3n de aire en su interior eliminando la humedad que se pueda acumular adem\u00e1s de que permiten la correcta transpiraci\u00f3n.  El cubrecolch\u00f3n Max Cotton viene en una bonita bolsa multiuso confeccionada con algod\u00f3n canvas de color beige, con asas marrones y cremallera para poder cerrarla. Cubrecolch\u00f3n ideal para: personas que buscan productos 100% naturales.  Tejido algod\u00f3n: Confeccionado con tejido liso de algod\u00f3n.  Relleno algod\u00f3n: Acolchado con relleno natural 100% de algod\u00f3n.  Termo-regulador natural: Por su composici\u00f3n proporciona regulaci\u00f3n de la temperatura corporal.  Gama Natursan\u00ae: Colecci\u00f3n de productos a partir de materias primas naturales y producci\u00f3n responsable.  Aislante t\u00e9rmico: La lana virgen constituye un aislante t\u00e9rmico natural.  Laterales de algod\u00f3n ajustables a largos de colch\u00f3n hasta 200 cm y altos hasta 35 cm.  Medidas: 80 cm, 90 cm, 105 cm, 150 cm, 160 cm, 180 cm, 200 cm Continuar leyendo CUBRECOLCH\u00d3N VELFONT MAX COTTON\" \/>\n<meta property=\"og:url\" content=\"https:\/\/colchoneriamontserrat.pixupbusiness.com\/producto\/cubrecolchon-velfont-max-cotton\/\" \/>\n<meta property=\"og:site_name\" content=\"Colchoneria Montserrat\" \/>\n<meta property=\"article:publisher\" content=\"https:\/\/www.facebook.com\/colchoneriamontserrat\" \/>\n<meta property=\"article:modified_time\" content=\"2025-07-09T12:09:16+00:00\" \/>\n<meta property=\"og:image\" content=\"https:\/\/colchoneriamontserrat.pixupbusiness.com\/wp-content\/uploads\/2025\/07\/sai_93b863f72ccc4a6a482c3d32f2f4a2eb.jpg\" \/>\n\t<meta property=\"og:image:width\" content=\"800\" \/>\n\t<meta property=\"og:image:height\" content=\"800\" \/>\n\t<meta property=\"og:image:type\" content=\"image\/jpeg\" \/>\n<meta name=\"twitter:card\" content=\"summary_large_image\" \/>\n<meta name=\"twitter:label1\" content=\"Temps estimat de lectura\" \/>\n\t<meta name=\"twitter:data1\" content=\"2 minuts\" \/>\n<script type=\"application\/ld+json\" class=\"yoast-schema-graph\">{\"@context\":\"https:\/\/schema.org\",\"@graph\":[{\"@type\":\"WebPage\",\"@id\":\"https:\/\/colchoneriamontserrat.pixupbusiness.com\/producto\/cubrecolchon-velfont-max-cotton\/\",\"url\":\"https:\/\/colchoneriamontserrat.pixupbusiness.com\/producto\/cubrecolchon-velfont-max-cotton\/\",\"name\":\"CUBRECOLCH\u00d3N VELFONT MAX COTTON - Colchoneria Montserrat\",\"isPartOf\":{\"@id\":\"https:\/\/colchoneriamontserrat.pixupbusiness.com\/#website\"},\"primaryImageOfPage\":{\"@id\":\"https:\/\/colchoneriamontserrat.pixupbusiness.com\/producto\/cubrecolchon-velfont-max-cotton\/#primaryimage\"},\"image\":{\"@id\":\"https:\/\/colchoneriamontserrat.pixupbusiness.com\/producto\/cubrecolchon-velfont-max-cotton\/#primaryimage\"},\"thumbnailUrl\":\"https:\/\/colchoneriamontserrat.pixupbusiness.com\/wp-content\/uploads\/2025\/07\/sai_93b863f72ccc4a6a482c3d32f2f4a2eb.jpg\",\"datePublished\":\"2024-12-03T11:33:28+00:00\",\"dateModified\":\"2025-07-09T12:09:16+00:00\",\"breadcrumb\":{\"@id\":\"https:\/\/colchoneriamontserrat.pixupbusiness.com\/producto\/cubrecolchon-velfont-max-cotton\/#breadcrumb\"},\"inLanguage\":\"ca\",\"potentialAction\":[{\"@type\":\"ReadAction\",\"target\":[\"https:\/\/colchoneriamontserrat.pixupbusiness.com\/producto\/cubrecolchon-velfont-max-cotton\/\"]}]},{\"@type\":\"ImageObject\",\"inLanguage\":\"ca\",\"@id\":\"https:\/\/colchoneriamontserrat.pixupbusiness.com\/producto\/cubrecolchon-velfont-max-cotton\/#primaryimage\",\"url\":\"https:\/\/colchoneriamontserrat.pixupbusiness.com\/wp-content\/uploads\/2025\/07\/sai_93b863f72ccc4a6a482c3d32f2f4a2eb.jpg\",\"contentUrl\":\"https:\/\/colchoneriamontserrat.pixupbusiness.com\/wp-content\/uploads\/2025\/07\/sai_93b863f72ccc4a6a482c3d32f2f4a2eb.jpg\",\"width\":800,\"height\":800},{\"@type\":\"BreadcrumbList\",\"@id\":\"https:\/\/colchoneriamontserrat.pixupbusiness.com\/producto\/cubrecolchon-velfont-max-cotton\/#breadcrumb\",\"itemListElement\":[{\"@type\":\"ListItem\",\"position\":1,\"name\":\"Portada\",\"item\":\"https:\/\/colchoneriamontserrat.pixupbusiness.com\/ca\/\"},{\"@type\":\"ListItem\",\"position\":2,\"name\":\"Tienda\",\"item\":\"https:\/\/colchoneriamontserrat.pixupbusiness.com\/tienda\/\"},{\"@type\":\"ListItem\",\"position\":3,\"name\":\"CUBRECOLCH\u00d3N VELFONT MAX COTTON\"}]},{\"@type\":\"WebSite\",\"@id\":\"https:\/\/colchoneriamontserrat.pixupbusiness.com\/#website\",\"url\":\"https:\/\/colchoneriamontserrat.pixupbusiness.com\/\",\"name\":\"Colchoneria Montserrat\",\"description\":\"\",\"publisher\":{\"@id\":\"https:\/\/colchoneriamontserrat.pixupbusiness.com\/#organization\"},\"potentialAction\":[{\"@type\":\"SearchAction\",\"target\":{\"@type\":\"EntryPoint\",\"urlTemplate\":\"https:\/\/colchoneriamontserrat.pixupbusiness.com\/?s={search_term_string}\"},\"query-input\":{\"@type\":\"PropertyValueSpecification\",\"valueRequired\":true,\"valueName\":\"search_term_string\"}}],\"inLanguage\":\"ca\"},{\"@type\":\"Organization\",\"@id\":\"https:\/\/colchoneriamontserrat.pixupbusiness.com\/#organization\",\"name\":\"Colchoneria Montserrat\",\"url\":\"https:\/\/colchoneriamontserrat.pixupbusiness.com\/\",\"logo\":{\"@type\":\"ImageObject\",\"inLanguage\":\"ca\",\"@id\":\"https:\/\/colchoneriamontserrat.pixupbusiness.com\/#\/schema\/logo\/image\/\",\"url\":\"https:\/\/colchoneriamontserrat.pixupbusiness.com\/wp-content\/uploads\/2023\/06\/Logo-Montserrat-2022-BLACK.png\",\"contentUrl\":\"https:\/\/colchoneriamontserrat.pixupbusiness.com\/wp-content\/uploads\/2023\/06\/Logo-Montserrat-2022-BLACK.png\",\"width\":600,\"height\":183,\"caption\":\"Colchoneria Montserrat\"},\"image\":{\"@id\":\"https:\/\/colchoneriamontserrat.pixupbusiness.com\/#\/schema\/logo\/image\/\"},\"sameAs\":[\"https:\/\/www.facebook.com\/colchoneriamontserrat\"]}]}<\/script>\n<!-- \/ Yoast SEO plugin. -->","yoast_head_json":{"title":"CUBRECOLCH\u00d3N VELFONT MAX COTTON - Colchoneria Montserrat","robots":{"index":"noindex","follow":"follow","max-snippet":"max-snippet:-1","max-image-preview":"max-image-preview:large","max-video-preview":"max-video-preview:-1"},"og_locale":"ca_ES","og_type":"article","og_title":"CUBRECOLCH\u00d3N VELFONT MAX COTTON - Colchoneria Montserrat","og_description":"El cubrecolch\u00f3n Max Cotton es un producto 100% natural ya que est\u00e1 confeccionado en su totalidad con algod\u00f3n 100%. Este cubrecolch\u00f3n es reversible, es decir, puede usarse indistintamente por los dos lados adem\u00e1s que incorpora una platabanda tambi\u00e9n con tejido 100% algod\u00f3n. Se adapta a largos de colch\u00f3n de hasta 200 cm y puede asumir alturas de colch\u00f3n de hasta 35 cm.  El Cubrecolch\u00f3n Max Cotton se ajusta con goma en todo el per\u00edmetro de la platabanda para una sujeci\u00f3n perfecta durante la noche evitando desplazamientos no deseados; adem\u00e1s, incorpora un ribete exterior para un mejor acabado. Este cubrecolch\u00f3n incrementa el confort aliviando la presi\u00f3n sobre los puntos de contacto con nuestro cuerpo y logrando un mejor descanso gracias a su relleno 100% algod\u00f3n. El relleno de algod\u00f3n act\u00faa como aislante t\u00e9rmico reduciendo la sensaci\u00f3n de calor. Todos los cubrecolchones Velfont favorecen la circulaci\u00f3n de aire en su interior eliminando la humedad que se pueda acumular adem\u00e1s de que permiten la correcta transpiraci\u00f3n.  El cubrecolch\u00f3n Max Cotton viene en una bonita bolsa multiuso confeccionada con algod\u00f3n canvas de color beige, con asas marrones y cremallera para poder cerrarla. Cubrecolch\u00f3n ideal para: personas que buscan productos 100% naturales.  Tejido algod\u00f3n: Confeccionado con tejido liso de algod\u00f3n.  Relleno algod\u00f3n: Acolchado con relleno natural 100% de algod\u00f3n.  Termo-regulador natural: Por su composici\u00f3n proporciona regulaci\u00f3n de la temperatura corporal.  Gama Natursan\u00ae: Colecci\u00f3n de productos a partir de materias primas naturales y producci\u00f3n responsable.  Aislante t\u00e9rmico: La lana virgen constituye un aislante t\u00e9rmico natural.  Laterales de algod\u00f3n ajustables a largos de colch\u00f3n hasta 200 cm y altos hasta 35 cm.  Medidas: 80 cm, 90 cm, 105 cm, 150 cm, 160 cm, 180 cm, 200 cm Continuar leyendo CUBRECOLCH\u00d3N VELFONT MAX COTTON","og_url":"https:\/\/colchoneriamontserrat.pixupbusiness.com\/producto\/cubrecolchon-velfont-max-cotton\/","og_site_name":"Colchoneria Montserrat","article_publisher":"https:\/\/www.facebook.com\/colchoneriamontserrat","article_modified_time":"2025-07-09T12:09:16+00:00","og_image":[{"width":800,"height":800,"url":"https:\/\/colchoneriamontserrat.pixupbusiness.com\/wp-content\/uploads\/2025\/07\/sai_93b863f72ccc4a6a482c3d32f2f4a2eb.jpg","type":"image\/jpeg"}],"twitter_card":"summary_large_image","twitter_misc":{"Temps estimat de lectura":"2 minuts"},"schema":{"@context":"https:\/\/schema.org","@graph":[{"@type":"WebPage","@id":"https:\/\/colchoneriamontserrat.pixupbusiness.com\/producto\/cubrecolchon-velfont-max-cotton\/","url":"https:\/\/colchoneriamontserrat.pixupbusiness.com\/producto\/cubrecolchon-velfont-max-cotton\/","name":"CUBRECOLCH\u00d3N VELFONT MAX COTTON - Colchoneria Montserrat","isPartOf":{"@id":"https:\/\/colchoneriamontserrat.pixupbusiness.com\/#website"},"primaryImageOfPage":{"@id":"https:\/\/colchoneriamontserrat.pixupbusiness.com\/producto\/cubrecolchon-velfont-max-cotton\/#primaryimage"},"image":{"@id":"https:\/\/colchoneriamontserrat.pixupbusiness.com\/producto\/cubrecolchon-velfont-max-cotton\/#primaryimage"},"thumbnailUrl":"https:\/\/colchoneriamontserrat.pixupbusiness.com\/wp-content\/uploads\/2025\/07\/sai_93b863f72ccc4a6a482c3d32f2f4a2eb.jpg","datePublished":"2024-12-03T11:33:28+00:00","dateModified":"2025-07-09T12:09:16+00:00","breadcrumb":{"@id":"https:\/\/colchoneriamontserrat.pixupbusiness.com\/producto\/cubrecolchon-velfont-max-cotton\/#breadcrumb"},"inLanguage":"ca","potentialAction":[{"@type":"ReadAction","target":["https:\/\/colchoneriamontserrat.pixupbusiness.com\/producto\/cubrecolchon-velfont-max-cotton\/"]}]},{"@type":"ImageObject","inLanguage":"ca","@id":"https:\/\/colchoneriamontserrat.pixupbusiness.com\/producto\/cubrecolchon-velfont-max-cotton\/#primaryimage","url":"https:\/\/colchoneriamontserrat.pixupbusiness.com\/wp-content\/uploads\/2025\/07\/sai_93b863f72ccc4a6a482c3d32f2f4a2eb.jpg","contentUrl":"https:\/\/colchoneriamontserrat.pixupbusiness.com\/wp-content\/uploads\/2025\/07\/sai_93b863f72ccc4a6a482c3d32f2f4a2eb.jpg","width":800,"height":800},{"@type":"BreadcrumbList","@id":"https:\/\/colchoneriamontserrat.pixupbusiness.com\/producto\/cubrecolchon-velfont-max-cotton\/#breadcrumb","itemListElement":[{"@type":"ListItem","position":1,"name":"Portada","item":"https:\/\/colchoneriamontserrat.pixupbusiness.com\/ca\/"},{"@type":"ListItem","position":2,"name":"Tienda","item":"https:\/\/colchoneriamontserrat.pixupbusiness.com\/tienda\/"},{"@type":"ListItem","position":3,"name":"CUBRECOLCH\u00d3N VELFONT MAX COTTON"}]},{"@type":"WebSite","@id":"https:\/\/colchoneriamontserrat.pixupbusiness.com\/#website","url":"https:\/\/colchoneriamontserrat.pixupbusiness.com\/","name":"Colchoneria Montserrat","description":"","publisher":{"@id":"https:\/\/colchoneriamontserrat.pixupbusiness.com\/#organization"},"potentialAction":[{"@type":"SearchAction","target":{"@type":"EntryPoint","urlTemplate":"https:\/\/colchoneriamontserrat.pixupbusiness.com\/?s={search_term_string}"},"query-input":{"@type":"PropertyValueSpecification","valueRequired":true,"valueName":"search_term_string"}}],"inLanguage":"ca"},{"@type":"Organization","@id":"https:\/\/colchoneriamontserrat.pixupbusiness.com\/#organization","name":"Colchoneria Montserrat","url":"https:\/\/colchoneriamontserrat.pixupbusiness.com\/","logo":{"@type":"ImageObject","inLanguage":"ca","@id":"https:\/\/colchoneriamontserrat.pixupbusiness.com\/#\/schema\/logo\/image\/","url":"https:\/\/colchoneriamontserrat.pixupbusiness.com\/wp-content\/uploads\/2023\/06\/Logo-Montserrat-2022-BLACK.png","contentUrl":"https:\/\/colchoneriamontserrat.pixupbusiness.com\/wp-content\/uploads\/2023\/06\/Logo-Montserrat-2022-BLACK.png","width":600,"height":183,"caption":"Colchoneria Montserrat"},"image":{"@id":"https:\/\/colchoneriamontserrat.pixupbusiness.com\/#\/schema\/logo\/image\/"},"sameAs":["https:\/\/www.facebook.com\/colchoneriamontserrat"]}]}},"_links":{"self":[{"href":"https:\/\/colchoneriamontserrat.pixupbusiness.com\/ca\/wp-json\/wp\/v2\/product\/28038","targetHints":{"allow":["GET"]}}],"collection":[{"href":"https:\/\/colchoneriamontserrat.pixupbusiness.com\/ca\/wp-json\/wp\/v2\/product"}],"about":[{"href":"https:\/\/colchoneriamontserrat.pixupbusiness.com\/ca\/wp-json\/wp\/v2\/types\/product"}],"replies":[{"embeddable":true,"href":"https:\/\/colchoneriamontserrat.pixupbusiness.com\/ca\/wp-json\/wp\/v2\/comments?post=28038"}],"wp:featuredmedia":[{"embeddable":true,"href":"https:\/\/colchoneriamontserrat.pixupbusiness.com\/ca\/wp-json\/wp\/v2\/media\/32945"}],"wp:attachment":[{"href":"https:\/\/colchoneriamontserrat.pixupbusiness.com\/ca\/wp-json\/wp\/v2\/media?parent=28038"}],"curies":[{"name":"wp","href":"https:\/\/api.w.org\/{rel}","templated":true}]}}