{"id":28049,"date":"2024-12-03T12:33:40","date_gmt":"2024-12-03T11:33:40","guid":{"rendered":"https:\/\/colchoneriamontserrat.pixupbusiness.com\/producto\/cubrecolchon-velfont-antiacaros\/"},"modified":"2025-06-22T02:04:09","modified_gmt":"2025-06-22T01:04:09","slug":"cubrecolchon-velfont-antiacaros","status":"publish","type":"product","link":"https:\/\/colchoneriamontserrat.pixupbusiness.com\/ca\/producto\/cubrecolchon-velfont-antiacaros\/","title":{"rendered":"CUBRECOLCH\u00d3N VELFONT ANTI\u00c1CAROS"},"content":{"rendered":"<p>El Cubrecolch\u00f3n Anti\u00e1caros de Velfont est\u00e1 confeccionado con tejido superior 100% microfibra extrasuave y reverso de rizo 100% algod\u00f3n natural y altamente absorbente, aunque al ser reversible puede usarse indistintamente por un lado u otro. El relleno del acolchado es de fibra hueca conjugada con tratamiento anti\u00e1caros Acarsan Natural\u00ae elaborado con extractos vegetales, que impide el desarrollo de los \u00e1caros. Ha sido testado cientificamente y su eficacia es resistente a los lavados. Este cubrecolch\u00f3n se adapta a largos de colch\u00f3n de hasta 200 cm y puede asumir alturas de colch\u00f3n de hasta 30 cm.<\/p>\n<p>El Cubrecolch\u00f3n Anti\u00e1caros de Velfont se ajusta con goma en todo el per\u00edmetro de la platabanda para una sujeci\u00f3n perfecta durante la noche evitando desplazamientos no deseados; adem\u00e1s, incorpora un ribete exterior para un mejor acabado. Este cubrecolch\u00f3n incrementa el confort aliviando la presi\u00f3n sobre los puntos de contacto con nuestro cuerpo y logrando un mejor descanso gracias a su relleno con fibra hueca conjugada. Todos los cubrecolchones Velfont favorecen la circulaci\u00f3n de aire en su interior eliminando la humedad que se pueda acumular adem\u00e1s de que permiten la correcta transpiraci\u00f3n.<\/p>\n<p>Toda la gama anti\u00e1caros Velfont est\u00e1 certificada por la Sociedad Espa\u00f1ola de Alergolog\u00eda e Inmunolog\u00eda Cl\u00ednica (SEAIC), que avala que la gama Acarsan Natural\u00ae de Velfont, disminuye la proliferaci\u00f3n de \u00e1caros del polvo, manteniendo su eficacia a lo largo de los lavados. Esta efectividad anti\u00e1caros tras los lavados ha sido testada cl\u00ednicamente por TEC (Technique Environnement Consultants), laboratorio de referencia europea en el estudio de los \u00e1caros.<\/p>\n<p>Cubrecolch\u00f3n ideal para personas que buscan protecci\u00f3n contra los \u00e1caros.<\/p>\n<p>Eficacia anti\u00e1caros. Act\u00faa directamente contra los \u00e1caros del polvo evitando su proliferaci\u00f3n.<\/p>\n<p>Activo natural anti\u00e1caros Tratamiento Acarsan Natural \u00ae con extractos vegetales<\/p>\n<p>Microfibra y algod\u00f3n Tejido exterior microfibra tacto seda y reversible con rizo algod\u00f3n.<\/p>\n<p>Testado cient\u00edficamente Avalado y testado por laboratorios independientes especializados.<\/p>\n<p>Laterales ajustables a largos de colch\u00f3n hasta 200 cm.<\/p>\n<p>Medidas disponibles: 80 cm, 90 cm, 105 cm, 120 cm, 135 cm, 150 cm, 160 cm y 180 cm.<\/p>\n<p>COMPOSICI\u00d3N:<\/p>\n<p>Tejido cara 1: 100% microfibra poli\u00e9ster<br \/>\nTejido cara 2: 80% algod\u00f3n &#8211; 20% poli\u00e9ster (rizo 100% algod\u00f3n) Relleno: 100% poli\u00e9ster fibra hueca conjugada anti\u00e1caros Acarsan Natural\u00ae<\/p>\n","protected":false},"excerpt":{"rendered":"<p>El Cubrecolch\u00f3n Anti\u00e1caros de Velfont est\u00e1 confeccionado con tejido superior 100% microfibra extrasuave y reverso de rizo 100% algod\u00f3n natural y altamente absorbente, aunque al ser reversible puede usarse indistintamente por un lado u otro. El relleno del acolchado es de fibra hueca conjugada con tratamiento anti\u00e1caros Acarsan Natural\u00ae elaborado con extractos vegetales, que impide el desarrollo de los \u00e1caros. Ha sido testado cientificamente y su eficacia es resistente a los lavados. Este cubrecolch\u00f3n se adapta a largos de colch\u00f3n de hasta 200 cm y puede asumir alturas de colch\u00f3n de hasta 30 cm.<\/p>\n<p>El Cubrecolch\u00f3n Anti\u00e1caros de Velfont se ajusta con goma en todo el per\u00edmetro de la platabanda para una sujeci\u00f3n perfecta durante la noche evitando desplazamientos no deseados; adem\u00e1s, incorpora un ribete exterior para un mejor acabado. Este cubrecolch\u00f3n incrementa el confort aliviando la presi\u00f3n sobre los puntos de contacto con nuestro cuerpo y logrando un mejor descanso gracias a su relleno con fibra hueca conjugada. Todos los cubrecolchones Velfont favorecen la circulaci\u00f3n de aire en su interior eliminando la humedad que se pueda acumular adem\u00e1s de que permiten la correcta transpiraci\u00f3n.<\/p>\n<p>Toda la gama anti\u00e1caros Velfont est\u00e1 certificada por la Sociedad Espa\u00f1ola de Alergolog\u00eda e Inmunolog\u00eda Cl\u00ednica (SEAIC), que avala que la gama Acarsan Natural\u00ae de Velfont, disminuye la proliferaci\u00f3n de \u00e1caros del polvo, manteniendo su eficacia a lo largo de los lavados. Esta efectividad anti\u00e1caros tras los lavados ha sido testada cl\u00ednicamente por TEC (Technique Environnement Consultants), laboratorio de referencia europea en el estudio de los \u00e1caros.<\/p>\n<p>Cubrecolch\u00f3n ideal para personas que buscan protecci\u00f3n contra los \u00e1caros.<\/p>\n<p>Eficacia anti\u00e1caros. Act\u00faa directamente contra los \u00e1caros del polvo evitando su proliferaci\u00f3n.<\/p>\n<p>Activo natural anti\u00e1caros Tratamiento Acarsan Natural \u00ae con extractos vegetales<\/p>\n<p>Microfibra y algod\u00f3n Tejido exterior microfibra tacto seda y reversible con rizo algod\u00f3n.<\/p>\n<p>Testado cient\u00edficamente Avalado y testado por laboratorios independientes especializados.<\/p>\n<p>Laterales ajustables a largos de colch\u00f3n hasta 200 cm.<\/p>\n<p>Medidas disponibles: 80 cm, 90 cm, 105 cm, 120 cm, 135 cm, 150 cm, 160 cm y 180 cm.<\/p>\n<p>COMPOSICI\u00d3N:<\/p>\n<p>Tejido cara 1: 100% microfibra poli\u00e9ster<br \/>\nTejido cara 2: 80% algod\u00f3n &#8211; 20% poli\u00e9ster (rizo 100% algod\u00f3n) Relleno: 100% poli\u00e9ster fibra hueca conjugada anti\u00e1caros Acarsan Natural\u00ae <a class=\"continue\" href=\"https:\/\/colchoneriamontserrat.pixupbusiness.com\/ca\/producto\/cubrecolchon-velfont-antiacaros\/\">Continuar leyendo<span> CUBRECOLCH\u00d3N VELFONT ANTI\u00c1CAROS<\/span><\/a><\/p>\n","protected":false},"featured_media":32542,"comment_status":"open","ping_status":"closed","template":"","meta":[],"class_list":["post-28049","product","type-product","status-publish","has-post-thumbnail","hentry","product_cat-cubrecolchon","product_cat-proteccion-de-cama","product_shipping_class-petits-productes"],"yoast_head":"<!-- This site is optimized with the Yoast SEO plugin v25.5 - https:\/\/yoast.com\/wordpress\/plugins\/seo\/ -->\n<title>CUBRECOLCH\u00d3N VELFONT ANTI\u00c1CAROS - Colchoneria Montserrat<\/title>\n<meta name=\"robots\" content=\"noindex, follow, max-snippet:-1, max-image-preview:large, max-video-preview:-1\" \/>\n<meta property=\"og:locale\" content=\"ca_ES\" \/>\n<meta property=\"og:type\" content=\"article\" \/>\n<meta property=\"og:title\" content=\"CUBRECOLCH\u00d3N VELFONT ANTI\u00c1CAROS - Colchoneria Montserrat\" \/>\n<meta property=\"og:description\" content=\"El Cubrecolch\u00f3n Anti\u00e1caros de Velfont est\u00e1 confeccionado con tejido superior 100% microfibra extrasuave y reverso de rizo 100% algod\u00f3n natural y altamente absorbente, aunque al ser reversible puede usarse indistintamente por un lado u otro. El relleno del acolchado es de fibra hueca conjugada con tratamiento anti\u00e1caros Acarsan Natural\u00ae elaborado con extractos vegetales, que impide el desarrollo de los \u00e1caros. Ha sido testado cientificamente y su eficacia es resistente a los lavados. Este cubrecolch\u00f3n se adapta a largos de colch\u00f3n de hasta 200 cm y puede asumir alturas de colch\u00f3n de hasta 30 cm.  El Cubrecolch\u00f3n Anti\u00e1caros de Velfont se ajusta con goma en todo el per\u00edmetro de la platabanda para una sujeci\u00f3n perfecta durante la noche evitando desplazamientos no deseados; adem\u00e1s, incorpora un ribete exterior para un mejor acabado. Este cubrecolch\u00f3n incrementa el confort aliviando la presi\u00f3n sobre los puntos de contacto con nuestro cuerpo y logrando un mejor descanso gracias a su relleno con fibra hueca conjugada. Todos los cubrecolchones Velfont favorecen la circulaci\u00f3n de aire en su interior eliminando la humedad que se pueda acumular adem\u00e1s de que permiten la correcta transpiraci\u00f3n.  Toda la gama anti\u00e1caros Velfont est\u00e1 certificada por la Sociedad Espa\u00f1ola de Alergolog\u00eda e Inmunolog\u00eda Cl\u00ednica (SEAIC), que avala que la gama Acarsan Natural\u00ae de Velfont, disminuye la proliferaci\u00f3n de \u00e1caros del polvo, manteniendo su eficacia a lo largo de los lavados. Esta efectividad anti\u00e1caros tras los lavados ha sido testada cl\u00ednicamente por TEC (Technique Environnement Consultants), laboratorio de referencia europea en el estudio de los \u00e1caros.  Cubrecolch\u00f3n ideal para personas que buscan protecci\u00f3n contra los \u00e1caros.  Eficacia anti\u00e1caros. Act\u00faa directamente contra los \u00e1caros del polvo evitando su proliferaci\u00f3n.  Activo natural anti\u00e1caros Tratamiento Acarsan Natural \u00ae con extractos vegetales  Microfibra y algod\u00f3n Tejido exterior microfibra tacto seda y reversible con rizo algod\u00f3n.  Testado cient\u00edficamente Avalado y testado por laboratorios independientes especializados.  Laterales ajustables a largos de colch\u00f3n hasta 200 cm.  Medidas disponibles: 80 cm, 90 cm, 105 cm, 120 cm, 135 cm, 150 cm, 160 cm y 180 cm.  COMPOSICI\u00d3N:  Tejido cara 1: 100% microfibra poli\u00e9ster Tejido cara 2: 80% algod\u00f3n - 20% poli\u00e9ster (rizo 100% algod\u00f3n) Relleno: 100% poli\u00e9ster fibra hueca conjugada anti\u00e1caros Acarsan Natural\u00ae Continuar leyendo CUBRECOLCH\u00d3N VELFONT ANTI\u00c1CAROS\" \/>\n<meta property=\"og:url\" content=\"https:\/\/colchoneriamontserrat.pixupbusiness.com\/producto\/cubrecolchon-velfont-antiacaros\/\" \/>\n<meta property=\"og:site_name\" content=\"Colchoneria Montserrat\" \/>\n<meta property=\"article:publisher\" content=\"https:\/\/www.facebook.com\/colchoneriamontserrat\" \/>\n<meta property=\"article:modified_time\" content=\"2025-06-22T01:04:09+00:00\" \/>\n<meta property=\"og:image\" content=\"https:\/\/colchoneriamontserrat.pixupbusiness.com\/wp-content\/uploads\/2025\/06\/sai_b419d6b80a747f91e8338c278f27b5b6-2.jpg\" \/>\n\t<meta property=\"og:image:width\" content=\"800\" \/>\n\t<meta property=\"og:image:height\" content=\"800\" \/>\n\t<meta property=\"og:image:type\" content=\"image\/jpeg\" \/>\n<meta name=\"twitter:card\" content=\"summary_large_image\" \/>\n<meta name=\"twitter:label1\" content=\"Temps estimat de lectura\" \/>\n\t<meta name=\"twitter:data1\" content=\"2 minuts\" \/>\n<script type=\"application\/ld+json\" class=\"yoast-schema-graph\">{\"@context\":\"https:\/\/schema.org\",\"@graph\":[{\"@type\":\"WebPage\",\"@id\":\"https:\/\/colchoneriamontserrat.pixupbusiness.com\/producto\/cubrecolchon-velfont-antiacaros\/\",\"url\":\"https:\/\/colchoneriamontserrat.pixupbusiness.com\/producto\/cubrecolchon-velfont-antiacaros\/\",\"name\":\"CUBRECOLCH\u00d3N VELFONT ANTI\u00c1CAROS - Colchoneria Montserrat\",\"isPartOf\":{\"@id\":\"https:\/\/colchoneriamontserrat.pixupbusiness.com\/#website\"},\"primaryImageOfPage\":{\"@id\":\"https:\/\/colchoneriamontserrat.pixupbusiness.com\/producto\/cubrecolchon-velfont-antiacaros\/#primaryimage\"},\"image\":{\"@id\":\"https:\/\/colchoneriamontserrat.pixupbusiness.com\/producto\/cubrecolchon-velfont-antiacaros\/#primaryimage\"},\"thumbnailUrl\":\"https:\/\/colchoneriamontserrat.pixupbusiness.com\/wp-content\/uploads\/2025\/06\/sai_b419d6b80a747f91e8338c278f27b5b6-2.jpg\",\"datePublished\":\"2024-12-03T11:33:40+00:00\",\"dateModified\":\"2025-06-22T01:04:09+00:00\",\"breadcrumb\":{\"@id\":\"https:\/\/colchoneriamontserrat.pixupbusiness.com\/producto\/cubrecolchon-velfont-antiacaros\/#breadcrumb\"},\"inLanguage\":\"ca\",\"potentialAction\":[{\"@type\":\"ReadAction\",\"target\":[\"https:\/\/colchoneriamontserrat.pixupbusiness.com\/producto\/cubrecolchon-velfont-antiacaros\/\"]}]},{\"@type\":\"ImageObject\",\"inLanguage\":\"ca\",\"@id\":\"https:\/\/colchoneriamontserrat.pixupbusiness.com\/producto\/cubrecolchon-velfont-antiacaros\/#primaryimage\",\"url\":\"https:\/\/colchoneriamontserrat.pixupbusiness.com\/wp-content\/uploads\/2025\/06\/sai_b419d6b80a747f91e8338c278f27b5b6-2.jpg\",\"contentUrl\":\"https:\/\/colchoneriamontserrat.pixupbusiness.com\/wp-content\/uploads\/2025\/06\/sai_b419d6b80a747f91e8338c278f27b5b6-2.jpg\",\"width\":800,\"height\":800},{\"@type\":\"BreadcrumbList\",\"@id\":\"https:\/\/colchoneriamontserrat.pixupbusiness.com\/producto\/cubrecolchon-velfont-antiacaros\/#breadcrumb\",\"itemListElement\":[{\"@type\":\"ListItem\",\"position\":1,\"name\":\"Portada\",\"item\":\"https:\/\/colchoneriamontserrat.pixupbusiness.com\/ca\/\"},{\"@type\":\"ListItem\",\"position\":2,\"name\":\"Tienda\",\"item\":\"https:\/\/colchoneriamontserrat.pixupbusiness.com\/tienda\/\"},{\"@type\":\"ListItem\",\"position\":3,\"name\":\"CUBRECOLCH\u00d3N VELFONT ANTI\u00c1CAROS\"}]},{\"@type\":\"WebSite\",\"@id\":\"https:\/\/colchoneriamontserrat.pixupbusiness.com\/#website\",\"url\":\"https:\/\/colchoneriamontserrat.pixupbusiness.com\/\",\"name\":\"Colchoneria Montserrat\",\"description\":\"\",\"publisher\":{\"@id\":\"https:\/\/colchoneriamontserrat.pixupbusiness.com\/#organization\"},\"potentialAction\":[{\"@type\":\"SearchAction\",\"target\":{\"@type\":\"EntryPoint\",\"urlTemplate\":\"https:\/\/colchoneriamontserrat.pixupbusiness.com\/?s={search_term_string}\"},\"query-input\":{\"@type\":\"PropertyValueSpecification\",\"valueRequired\":true,\"valueName\":\"search_term_string\"}}],\"inLanguage\":\"ca\"},{\"@type\":\"Organization\",\"@id\":\"https:\/\/colchoneriamontserrat.pixupbusiness.com\/#organization\",\"name\":\"Colchoneria Montserrat\",\"url\":\"https:\/\/colchoneriamontserrat.pixupbusiness.com\/\",\"logo\":{\"@type\":\"ImageObject\",\"inLanguage\":\"ca\",\"@id\":\"https:\/\/colchoneriamontserrat.pixupbusiness.com\/#\/schema\/logo\/image\/\",\"url\":\"https:\/\/colchoneriamontserrat.pixupbusiness.com\/wp-content\/uploads\/2023\/06\/Logo-Montserrat-2022-BLACK.png\",\"contentUrl\":\"https:\/\/colchoneriamontserrat.pixupbusiness.com\/wp-content\/uploads\/2023\/06\/Logo-Montserrat-2022-BLACK.png\",\"width\":600,\"height\":183,\"caption\":\"Colchoneria Montserrat\"},\"image\":{\"@id\":\"https:\/\/colchoneriamontserrat.pixupbusiness.com\/#\/schema\/logo\/image\/\"},\"sameAs\":[\"https:\/\/www.facebook.com\/colchoneriamontserrat\"]}]}<\/script>\n<!-- \/ Yoast SEO plugin. -->","yoast_head_json":{"title":"CUBRECOLCH\u00d3N VELFONT ANTI\u00c1CAROS - Colchoneria Montserrat","robots":{"index":"noindex","follow":"follow","max-snippet":"max-snippet:-1","max-image-preview":"max-image-preview:large","max-video-preview":"max-video-preview:-1"},"og_locale":"ca_ES","og_type":"article","og_title":"CUBRECOLCH\u00d3N VELFONT ANTI\u00c1CAROS - Colchoneria Montserrat","og_description":"El Cubrecolch\u00f3n Anti\u00e1caros de Velfont est\u00e1 confeccionado con tejido superior 100% microfibra extrasuave y reverso de rizo 100% algod\u00f3n natural y altamente absorbente, aunque al ser reversible puede usarse indistintamente por un lado u otro. El relleno del acolchado es de fibra hueca conjugada con tratamiento anti\u00e1caros Acarsan Natural\u00ae elaborado con extractos vegetales, que impide el desarrollo de los \u00e1caros. Ha sido testado cientificamente y su eficacia es resistente a los lavados. Este cubrecolch\u00f3n se adapta a largos de colch\u00f3n de hasta 200 cm y puede asumir alturas de colch\u00f3n de hasta 30 cm.  El Cubrecolch\u00f3n Anti\u00e1caros de Velfont se ajusta con goma en todo el per\u00edmetro de la platabanda para una sujeci\u00f3n perfecta durante la noche evitando desplazamientos no deseados; adem\u00e1s, incorpora un ribete exterior para un mejor acabado. Este cubrecolch\u00f3n incrementa el confort aliviando la presi\u00f3n sobre los puntos de contacto con nuestro cuerpo y logrando un mejor descanso gracias a su relleno con fibra hueca conjugada. Todos los cubrecolchones Velfont favorecen la circulaci\u00f3n de aire en su interior eliminando la humedad que se pueda acumular adem\u00e1s de que permiten la correcta transpiraci\u00f3n.  Toda la gama anti\u00e1caros Velfont est\u00e1 certificada por la Sociedad Espa\u00f1ola de Alergolog\u00eda e Inmunolog\u00eda Cl\u00ednica (SEAIC), que avala que la gama Acarsan Natural\u00ae de Velfont, disminuye la proliferaci\u00f3n de \u00e1caros del polvo, manteniendo su eficacia a lo largo de los lavados. Esta efectividad anti\u00e1caros tras los lavados ha sido testada cl\u00ednicamente por TEC (Technique Environnement Consultants), laboratorio de referencia europea en el estudio de los \u00e1caros.  Cubrecolch\u00f3n ideal para personas que buscan protecci\u00f3n contra los \u00e1caros.  Eficacia anti\u00e1caros. Act\u00faa directamente contra los \u00e1caros del polvo evitando su proliferaci\u00f3n.  Activo natural anti\u00e1caros Tratamiento Acarsan Natural \u00ae con extractos vegetales  Microfibra y algod\u00f3n Tejido exterior microfibra tacto seda y reversible con rizo algod\u00f3n.  Testado cient\u00edficamente Avalado y testado por laboratorios independientes especializados.  Laterales ajustables a largos de colch\u00f3n hasta 200 cm.  Medidas disponibles: 80 cm, 90 cm, 105 cm, 120 cm, 135 cm, 150 cm, 160 cm y 180 cm.  COMPOSICI\u00d3N:  Tejido cara 1: 100% microfibra poli\u00e9ster Tejido cara 2: 80% algod\u00f3n - 20% poli\u00e9ster (rizo 100% algod\u00f3n) Relleno: 100% poli\u00e9ster fibra hueca conjugada anti\u00e1caros Acarsan Natural\u00ae Continuar leyendo CUBRECOLCH\u00d3N VELFONT ANTI\u00c1CAROS","og_url":"https:\/\/colchoneriamontserrat.pixupbusiness.com\/producto\/cubrecolchon-velfont-antiacaros\/","og_site_name":"Colchoneria Montserrat","article_publisher":"https:\/\/www.facebook.com\/colchoneriamontserrat","article_modified_time":"2025-06-22T01:04:09+00:00","og_image":[{"width":800,"height":800,"url":"https:\/\/colchoneriamontserrat.pixupbusiness.com\/wp-content\/uploads\/2025\/06\/sai_b419d6b80a747f91e8338c278f27b5b6-2.jpg","type":"image\/jpeg"}],"twitter_card":"summary_large_image","twitter_misc":{"Temps estimat de lectura":"2 minuts"},"schema":{"@context":"https:\/\/schema.org","@graph":[{"@type":"WebPage","@id":"https:\/\/colchoneriamontserrat.pixupbusiness.com\/producto\/cubrecolchon-velfont-antiacaros\/","url":"https:\/\/colchoneriamontserrat.pixupbusiness.com\/producto\/cubrecolchon-velfont-antiacaros\/","name":"CUBRECOLCH\u00d3N VELFONT ANTI\u00c1CAROS - Colchoneria Montserrat","isPartOf":{"@id":"https:\/\/colchoneriamontserrat.pixupbusiness.com\/#website"},"primaryImageOfPage":{"@id":"https:\/\/colchoneriamontserrat.pixupbusiness.com\/producto\/cubrecolchon-velfont-antiacaros\/#primaryimage"},"image":{"@id":"https:\/\/colchoneriamontserrat.pixupbusiness.com\/producto\/cubrecolchon-velfont-antiacaros\/#primaryimage"},"thumbnailUrl":"https:\/\/colchoneriamontserrat.pixupbusiness.com\/wp-content\/uploads\/2025\/06\/sai_b419d6b80a747f91e8338c278f27b5b6-2.jpg","datePublished":"2024-12-03T11:33:40+00:00","dateModified":"2025-06-22T01:04:09+00:00","breadcrumb":{"@id":"https:\/\/colchoneriamontserrat.pixupbusiness.com\/producto\/cubrecolchon-velfont-antiacaros\/#breadcrumb"},"inLanguage":"ca","potentialAction":[{"@type":"ReadAction","target":["https:\/\/colchoneriamontserrat.pixupbusiness.com\/producto\/cubrecolchon-velfont-antiacaros\/"]}]},{"@type":"ImageObject","inLanguage":"ca","@id":"https:\/\/colchoneriamontserrat.pixupbusiness.com\/producto\/cubrecolchon-velfont-antiacaros\/#primaryimage","url":"https:\/\/colchoneriamontserrat.pixupbusiness.com\/wp-content\/uploads\/2025\/06\/sai_b419d6b80a747f91e8338c278f27b5b6-2.jpg","contentUrl":"https:\/\/colchoneriamontserrat.pixupbusiness.com\/wp-content\/uploads\/2025\/06\/sai_b419d6b80a747f91e8338c278f27b5b6-2.jpg","width":800,"height":800},{"@type":"BreadcrumbList","@id":"https:\/\/colchoneriamontserrat.pixupbusiness.com\/producto\/cubrecolchon-velfont-antiacaros\/#breadcrumb","itemListElement":[{"@type":"ListItem","position":1,"name":"Portada","item":"https:\/\/colchoneriamontserrat.pixupbusiness.com\/ca\/"},{"@type":"ListItem","position":2,"name":"Tienda","item":"https:\/\/colchoneriamontserrat.pixupbusiness.com\/tienda\/"},{"@type":"ListItem","position":3,"name":"CUBRECOLCH\u00d3N VELFONT ANTI\u00c1CAROS"}]},{"@type":"WebSite","@id":"https:\/\/colchoneriamontserrat.pixupbusiness.com\/#website","url":"https:\/\/colchoneriamontserrat.pixupbusiness.com\/","name":"Colchoneria Montserrat","description":"","publisher":{"@id":"https:\/\/colchoneriamontserrat.pixupbusiness.com\/#organization"},"potentialAction":[{"@type":"SearchAction","target":{"@type":"EntryPoint","urlTemplate":"https:\/\/colchoneriamontserrat.pixupbusiness.com\/?s={search_term_string}"},"query-input":{"@type":"PropertyValueSpecification","valueRequired":true,"valueName":"search_term_string"}}],"inLanguage":"ca"},{"@type":"Organization","@id":"https:\/\/colchoneriamontserrat.pixupbusiness.com\/#organization","name":"Colchoneria Montserrat","url":"https:\/\/colchoneriamontserrat.pixupbusiness.com\/","logo":{"@type":"ImageObject","inLanguage":"ca","@id":"https:\/\/colchoneriamontserrat.pixupbusiness.com\/#\/schema\/logo\/image\/","url":"https:\/\/colchoneriamontserrat.pixupbusiness.com\/wp-content\/uploads\/2023\/06\/Logo-Montserrat-2022-BLACK.png","contentUrl":"https:\/\/colchoneriamontserrat.pixupbusiness.com\/wp-content\/uploads\/2023\/06\/Logo-Montserrat-2022-BLACK.png","width":600,"height":183,"caption":"Colchoneria Montserrat"},"image":{"@id":"https:\/\/colchoneriamontserrat.pixupbusiness.com\/#\/schema\/logo\/image\/"},"sameAs":["https:\/\/www.facebook.com\/colchoneriamontserrat"]}]}},"_links":{"self":[{"href":"https:\/\/colchoneriamontserrat.pixupbusiness.com\/ca\/wp-json\/wp\/v2\/product\/28049","targetHints":{"allow":["GET"]}}],"collection":[{"href":"https:\/\/colchoneriamontserrat.pixupbusiness.com\/ca\/wp-json\/wp\/v2\/product"}],"about":[{"href":"https:\/\/colchoneriamontserrat.pixupbusiness.com\/ca\/wp-json\/wp\/v2\/types\/product"}],"replies":[{"embeddable":true,"href":"https:\/\/colchoneriamontserrat.pixupbusiness.com\/ca\/wp-json\/wp\/v2\/comments?post=28049"}],"wp:featuredmedia":[{"embeddable":true,"href":"https:\/\/colchoneriamontserrat.pixupbusiness.com\/ca\/wp-json\/wp\/v2\/media\/32542"}],"wp:attachment":[{"href":"https:\/\/colchoneriamontserrat.pixupbusiness.com\/ca\/wp-json\/wp\/v2\/media?parent=28049"}],"curies":[{"name":"wp","href":"https:\/\/api.w.org\/{rel}","templated":true}]}}