{"id":28073,"date":"2024-12-03T12:34:07","date_gmt":"2024-12-03T11:34:07","guid":{"rendered":"https:\/\/colchoneriamontserrat.pixupbusiness.com\/producto\/funda-colchon-velfont-niza\/"},"modified":"2025-07-13T02:03:47","modified_gmt":"2025-07-13T01:03:47","slug":"funda-colchon-velfont-niza","status":"publish","type":"product","link":"https:\/\/colchoneriamontserrat.pixupbusiness.com\/ca\/producto\/funda-colchon-velfont-niza\/","title":{"rendered":"FUNDA COLCHON VELFONT NIZA"},"content":{"rendered":"<p>La funda de colch\u00f3n Niza de Velfont est\u00e1 confeccionada con algod\u00f3n que, combinado con el elastano, le proporciona una gran elasticidad y adaptabilidad a un tejido natural y altamente transpirable.<\/p>\n<p>Esta funda garantiza la total higiene de su colch\u00f3n, ya que lo protege de manera integral contra la suciedad, polvo y posibles rozaduras con la base de la cama. Adem\u00e1s, mantendr\u00e1 el colch\u00f3n intacto durante m\u00e1s tiempo d\u00e1ndole un nuevo aspecto gracias a su bonito dise\u00f1o a cuadros. Esta funda es de f\u00e1cil colocaci\u00f3n ya que incorpora cremallera en forma de \u201cU\u201d.  <\/p>\n<p>La funda de colch\u00f3n Niza se adapta a largos de colch\u00f3n hasta 200 cm y a altos de colch\u00f3n hasta 30 cm. Funda ideal para: personas que buscan elasticidad, suavidad, frescor natural y dise\u00f1o.<\/p>\n<p>Medidas: 80 cm, 90 cm, 105 cm, 120 cm, 135 cm, 150 cm, 160 cm, 180 cm<\/p>\n<p>Composici\u00f3n: Tejido: 95% algod\u00f3n &#8211; 5% elastano<\/p>\n","protected":false},"excerpt":{"rendered":"<p>La funda de colch\u00f3n Niza de Velfont est\u00e1 confeccionada con algod\u00f3n que, combinado con el elastano, le proporciona una gran elasticidad y adaptabilidad a un tejido natural y altamente transpirable.<\/p>\n<p>Esta funda garantiza la total higiene de su colch\u00f3n, ya que lo protege de manera integral contra la suciedad, polvo y posibles rozaduras con la base de la cama. Adem\u00e1s, mantendr\u00e1 el colch\u00f3n intacto durante m\u00e1s tiempo d\u00e1ndole un nuevo aspecto gracias a su bonito dise\u00f1o a cuadros. Esta funda es de f\u00e1cil colocaci\u00f3n ya que incorpora cremallera en forma de \u201cU\u201d.  <\/p>\n<p>La funda de colch\u00f3n Niza se adapta a largos de colch\u00f3n hasta 200 cm y a altos de colch\u00f3n hasta 30 cm. Funda ideal para: personas que buscan elasticidad, suavidad, frescor natural y dise\u00f1o.<\/p>\n<p>Medidas: 80 cm, 90 cm, 105 cm, 120 cm, 135 cm, 150 cm, 160 cm, 180 cm<\/p>\n<p>Composici\u00f3n: Tejido: 95% algod\u00f3n &#8211; 5% elastano <a class=\"continue\" href=\"https:\/\/colchoneriamontserrat.pixupbusiness.com\/ca\/producto\/funda-colchon-velfont-niza\/\">Continuar leyendo<span> FUNDA COLCHON VELFONT NIZA<\/span><\/a><\/p>\n","protected":false},"featured_media":33036,"comment_status":"open","ping_status":"closed","template":"","meta":[],"class_list":["post-28073","product","type-product","status-publish","has-post-thumbnail","hentry","product_cat-funda-de-colchon","product_cat-proteccion-de-cama","product_shipping_class-petits-productes"],"yoast_head":"<!-- This site is optimized with the Yoast SEO plugin v25.5 - https:\/\/yoast.com\/wordpress\/plugins\/seo\/ -->\n<title>FUNDA COLCHON VELFONT NIZA - Colchoneria Montserrat<\/title>\n<meta name=\"robots\" content=\"noindex, follow, max-snippet:-1, max-image-preview:large, max-video-preview:-1\" \/>\n<meta property=\"og:locale\" content=\"ca_ES\" \/>\n<meta property=\"og:type\" content=\"article\" \/>\n<meta property=\"og:title\" content=\"FUNDA COLCHON VELFONT NIZA - Colchoneria Montserrat\" \/>\n<meta property=\"og:description\" content=\"La funda de colch\u00f3n Niza de Velfont est\u00e1 confeccionada con algod\u00f3n que, combinado con el elastano, le proporciona una gran elasticidad y adaptabilidad a un tejido natural y altamente transpirable.  Esta funda garantiza la total higiene de su colch\u00f3n, ya que lo protege de manera integral contra la suciedad, polvo y posibles rozaduras con la base de la cama. Adem\u00e1s, mantendr\u00e1 el colch\u00f3n intacto durante m\u00e1s tiempo d\u00e1ndole un nuevo aspecto gracias a su bonito dise\u00f1o a cuadros. Esta funda es de f\u00e1cil colocaci\u00f3n ya que incorpora cremallera en forma de \u201cU\u201d.   La funda de colch\u00f3n Niza se adapta a largos de colch\u00f3n hasta 200 cm y a altos de colch\u00f3n hasta 30 cm. Funda ideal para: personas que buscan elasticidad, suavidad, frescor natural y dise\u00f1o.  Medidas: 80 cm, 90 cm, 105 cm, 120 cm, 135 cm, 150 cm, 160 cm, 180 cm  Composici\u00f3n: Tejido: 95% algod\u00f3n - 5% elastano Continuar leyendo FUNDA COLCHON VELFONT NIZA\" \/>\n<meta property=\"og:url\" content=\"https:\/\/colchoneriamontserrat.pixupbusiness.com\/producto\/funda-colchon-velfont-niza\/\" \/>\n<meta property=\"og:site_name\" content=\"Colchoneria Montserrat\" \/>\n<meta property=\"article:publisher\" content=\"https:\/\/www.facebook.com\/colchoneriamontserrat\" \/>\n<meta property=\"article:modified_time\" content=\"2025-07-13T01:03:47+00:00\" \/>\n<meta property=\"og:image\" content=\"https:\/\/colchoneriamontserrat.pixupbusiness.com\/wp-content\/uploads\/2025\/07\/sai_9f905dce65d1ec01221064d62bea914d-6.jpg\" \/>\n\t<meta property=\"og:image:width\" content=\"800\" \/>\n\t<meta property=\"og:image:height\" content=\"800\" \/>\n\t<meta property=\"og:image:type\" content=\"image\/jpeg\" \/>\n<meta name=\"twitter:card\" content=\"summary_large_image\" \/>\n<meta name=\"twitter:label1\" content=\"Temps estimat de lectura\" \/>\n\t<meta name=\"twitter:data1\" content=\"1 minut\" \/>\n<script type=\"application\/ld+json\" class=\"yoast-schema-graph\">{\"@context\":\"https:\/\/schema.org\",\"@graph\":[{\"@type\":\"WebPage\",\"@id\":\"https:\/\/colchoneriamontserrat.pixupbusiness.com\/producto\/funda-colchon-velfont-niza\/\",\"url\":\"https:\/\/colchoneriamontserrat.pixupbusiness.com\/producto\/funda-colchon-velfont-niza\/\",\"name\":\"FUNDA COLCHON VELFONT NIZA - Colchoneria Montserrat\",\"isPartOf\":{\"@id\":\"https:\/\/colchoneriamontserrat.pixupbusiness.com\/#website\"},\"primaryImageOfPage\":{\"@id\":\"https:\/\/colchoneriamontserrat.pixupbusiness.com\/producto\/funda-colchon-velfont-niza\/#primaryimage\"},\"image\":{\"@id\":\"https:\/\/colchoneriamontserrat.pixupbusiness.com\/producto\/funda-colchon-velfont-niza\/#primaryimage\"},\"thumbnailUrl\":\"https:\/\/colchoneriamontserrat.pixupbusiness.com\/wp-content\/uploads\/2025\/07\/sai_9f905dce65d1ec01221064d62bea914d-6.jpg\",\"datePublished\":\"2024-12-03T11:34:07+00:00\",\"dateModified\":\"2025-07-13T01:03:47+00:00\",\"breadcrumb\":{\"@id\":\"https:\/\/colchoneriamontserrat.pixupbusiness.com\/producto\/funda-colchon-velfont-niza\/#breadcrumb\"},\"inLanguage\":\"ca\",\"potentialAction\":[{\"@type\":\"ReadAction\",\"target\":[\"https:\/\/colchoneriamontserrat.pixupbusiness.com\/producto\/funda-colchon-velfont-niza\/\"]}]},{\"@type\":\"ImageObject\",\"inLanguage\":\"ca\",\"@id\":\"https:\/\/colchoneriamontserrat.pixupbusiness.com\/producto\/funda-colchon-velfont-niza\/#primaryimage\",\"url\":\"https:\/\/colchoneriamontserrat.pixupbusiness.com\/wp-content\/uploads\/2025\/07\/sai_9f905dce65d1ec01221064d62bea914d-6.jpg\",\"contentUrl\":\"https:\/\/colchoneriamontserrat.pixupbusiness.com\/wp-content\/uploads\/2025\/07\/sai_9f905dce65d1ec01221064d62bea914d-6.jpg\",\"width\":800,\"height\":800},{\"@type\":\"BreadcrumbList\",\"@id\":\"https:\/\/colchoneriamontserrat.pixupbusiness.com\/producto\/funda-colchon-velfont-niza\/#breadcrumb\",\"itemListElement\":[{\"@type\":\"ListItem\",\"position\":1,\"name\":\"Portada\",\"item\":\"https:\/\/colchoneriamontserrat.pixupbusiness.com\/ca\/\"},{\"@type\":\"ListItem\",\"position\":2,\"name\":\"Tienda\",\"item\":\"https:\/\/colchoneriamontserrat.pixupbusiness.com\/tienda\/\"},{\"@type\":\"ListItem\",\"position\":3,\"name\":\"FUNDA COLCHON VELFONT NIZA\"}]},{\"@type\":\"WebSite\",\"@id\":\"https:\/\/colchoneriamontserrat.pixupbusiness.com\/#website\",\"url\":\"https:\/\/colchoneriamontserrat.pixupbusiness.com\/\",\"name\":\"Colchoneria Montserrat\",\"description\":\"\",\"publisher\":{\"@id\":\"https:\/\/colchoneriamontserrat.pixupbusiness.com\/#organization\"},\"potentialAction\":[{\"@type\":\"SearchAction\",\"target\":{\"@type\":\"EntryPoint\",\"urlTemplate\":\"https:\/\/colchoneriamontserrat.pixupbusiness.com\/?s={search_term_string}\"},\"query-input\":{\"@type\":\"PropertyValueSpecification\",\"valueRequired\":true,\"valueName\":\"search_term_string\"}}],\"inLanguage\":\"ca\"},{\"@type\":\"Organization\",\"@id\":\"https:\/\/colchoneriamontserrat.pixupbusiness.com\/#organization\",\"name\":\"Colchoneria Montserrat\",\"url\":\"https:\/\/colchoneriamontserrat.pixupbusiness.com\/\",\"logo\":{\"@type\":\"ImageObject\",\"inLanguage\":\"ca\",\"@id\":\"https:\/\/colchoneriamontserrat.pixupbusiness.com\/#\/schema\/logo\/image\/\",\"url\":\"https:\/\/colchoneriamontserrat.pixupbusiness.com\/wp-content\/uploads\/2023\/06\/Logo-Montserrat-2022-BLACK.png\",\"contentUrl\":\"https:\/\/colchoneriamontserrat.pixupbusiness.com\/wp-content\/uploads\/2023\/06\/Logo-Montserrat-2022-BLACK.png\",\"width\":600,\"height\":183,\"caption\":\"Colchoneria Montserrat\"},\"image\":{\"@id\":\"https:\/\/colchoneriamontserrat.pixupbusiness.com\/#\/schema\/logo\/image\/\"},\"sameAs\":[\"https:\/\/www.facebook.com\/colchoneriamontserrat\"]}]}<\/script>\n<!-- \/ Yoast SEO plugin. -->","yoast_head_json":{"title":"FUNDA COLCHON VELFONT NIZA - Colchoneria Montserrat","robots":{"index":"noindex","follow":"follow","max-snippet":"max-snippet:-1","max-image-preview":"max-image-preview:large","max-video-preview":"max-video-preview:-1"},"og_locale":"ca_ES","og_type":"article","og_title":"FUNDA COLCHON VELFONT NIZA - Colchoneria Montserrat","og_description":"La funda de colch\u00f3n Niza de Velfont est\u00e1 confeccionada con algod\u00f3n que, combinado con el elastano, le proporciona una gran elasticidad y adaptabilidad a un tejido natural y altamente transpirable.  Esta funda garantiza la total higiene de su colch\u00f3n, ya que lo protege de manera integral contra la suciedad, polvo y posibles rozaduras con la base de la cama. Adem\u00e1s, mantendr\u00e1 el colch\u00f3n intacto durante m\u00e1s tiempo d\u00e1ndole un nuevo aspecto gracias a su bonito dise\u00f1o a cuadros. Esta funda es de f\u00e1cil colocaci\u00f3n ya que incorpora cremallera en forma de \u201cU\u201d.   La funda de colch\u00f3n Niza se adapta a largos de colch\u00f3n hasta 200 cm y a altos de colch\u00f3n hasta 30 cm. Funda ideal para: personas que buscan elasticidad, suavidad, frescor natural y dise\u00f1o.  Medidas: 80 cm, 90 cm, 105 cm, 120 cm, 135 cm, 150 cm, 160 cm, 180 cm  Composici\u00f3n: Tejido: 95% algod\u00f3n - 5% elastano Continuar leyendo FUNDA COLCHON VELFONT NIZA","og_url":"https:\/\/colchoneriamontserrat.pixupbusiness.com\/producto\/funda-colchon-velfont-niza\/","og_site_name":"Colchoneria Montserrat","article_publisher":"https:\/\/www.facebook.com\/colchoneriamontserrat","article_modified_time":"2025-07-13T01:03:47+00:00","og_image":[{"width":800,"height":800,"url":"https:\/\/colchoneriamontserrat.pixupbusiness.com\/wp-content\/uploads\/2025\/07\/sai_9f905dce65d1ec01221064d62bea914d-6.jpg","type":"image\/jpeg"}],"twitter_card":"summary_large_image","twitter_misc":{"Temps estimat de lectura":"1 minut"},"schema":{"@context":"https:\/\/schema.org","@graph":[{"@type":"WebPage","@id":"https:\/\/colchoneriamontserrat.pixupbusiness.com\/producto\/funda-colchon-velfont-niza\/","url":"https:\/\/colchoneriamontserrat.pixupbusiness.com\/producto\/funda-colchon-velfont-niza\/","name":"FUNDA COLCHON VELFONT NIZA - Colchoneria Montserrat","isPartOf":{"@id":"https:\/\/colchoneriamontserrat.pixupbusiness.com\/#website"},"primaryImageOfPage":{"@id":"https:\/\/colchoneriamontserrat.pixupbusiness.com\/producto\/funda-colchon-velfont-niza\/#primaryimage"},"image":{"@id":"https:\/\/colchoneriamontserrat.pixupbusiness.com\/producto\/funda-colchon-velfont-niza\/#primaryimage"},"thumbnailUrl":"https:\/\/colchoneriamontserrat.pixupbusiness.com\/wp-content\/uploads\/2025\/07\/sai_9f905dce65d1ec01221064d62bea914d-6.jpg","datePublished":"2024-12-03T11:34:07+00:00","dateModified":"2025-07-13T01:03:47+00:00","breadcrumb":{"@id":"https:\/\/colchoneriamontserrat.pixupbusiness.com\/producto\/funda-colchon-velfont-niza\/#breadcrumb"},"inLanguage":"ca","potentialAction":[{"@type":"ReadAction","target":["https:\/\/colchoneriamontserrat.pixupbusiness.com\/producto\/funda-colchon-velfont-niza\/"]}]},{"@type":"ImageObject","inLanguage":"ca","@id":"https:\/\/colchoneriamontserrat.pixupbusiness.com\/producto\/funda-colchon-velfont-niza\/#primaryimage","url":"https:\/\/colchoneriamontserrat.pixupbusiness.com\/wp-content\/uploads\/2025\/07\/sai_9f905dce65d1ec01221064d62bea914d-6.jpg","contentUrl":"https:\/\/colchoneriamontserrat.pixupbusiness.com\/wp-content\/uploads\/2025\/07\/sai_9f905dce65d1ec01221064d62bea914d-6.jpg","width":800,"height":800},{"@type":"BreadcrumbList","@id":"https:\/\/colchoneriamontserrat.pixupbusiness.com\/producto\/funda-colchon-velfont-niza\/#breadcrumb","itemListElement":[{"@type":"ListItem","position":1,"name":"Portada","item":"https:\/\/colchoneriamontserrat.pixupbusiness.com\/ca\/"},{"@type":"ListItem","position":2,"name":"Tienda","item":"https:\/\/colchoneriamontserrat.pixupbusiness.com\/tienda\/"},{"@type":"ListItem","position":3,"name":"FUNDA COLCHON VELFONT NIZA"}]},{"@type":"WebSite","@id":"https:\/\/colchoneriamontserrat.pixupbusiness.com\/#website","url":"https:\/\/colchoneriamontserrat.pixupbusiness.com\/","name":"Colchoneria Montserrat","description":"","publisher":{"@id":"https:\/\/colchoneriamontserrat.pixupbusiness.com\/#organization"},"potentialAction":[{"@type":"SearchAction","target":{"@type":"EntryPoint","urlTemplate":"https:\/\/colchoneriamontserrat.pixupbusiness.com\/?s={search_term_string}"},"query-input":{"@type":"PropertyValueSpecification","valueRequired":true,"valueName":"search_term_string"}}],"inLanguage":"ca"},{"@type":"Organization","@id":"https:\/\/colchoneriamontserrat.pixupbusiness.com\/#organization","name":"Colchoneria Montserrat","url":"https:\/\/colchoneriamontserrat.pixupbusiness.com\/","logo":{"@type":"ImageObject","inLanguage":"ca","@id":"https:\/\/colchoneriamontserrat.pixupbusiness.com\/#\/schema\/logo\/image\/","url":"https:\/\/colchoneriamontserrat.pixupbusiness.com\/wp-content\/uploads\/2023\/06\/Logo-Montserrat-2022-BLACK.png","contentUrl":"https:\/\/colchoneriamontserrat.pixupbusiness.com\/wp-content\/uploads\/2023\/06\/Logo-Montserrat-2022-BLACK.png","width":600,"height":183,"caption":"Colchoneria Montserrat"},"image":{"@id":"https:\/\/colchoneriamontserrat.pixupbusiness.com\/#\/schema\/logo\/image\/"},"sameAs":["https:\/\/www.facebook.com\/colchoneriamontserrat"]}]}},"_links":{"self":[{"href":"https:\/\/colchoneriamontserrat.pixupbusiness.com\/ca\/wp-json\/wp\/v2\/product\/28073","targetHints":{"allow":["GET"]}}],"collection":[{"href":"https:\/\/colchoneriamontserrat.pixupbusiness.com\/ca\/wp-json\/wp\/v2\/product"}],"about":[{"href":"https:\/\/colchoneriamontserrat.pixupbusiness.com\/ca\/wp-json\/wp\/v2\/types\/product"}],"replies":[{"embeddable":true,"href":"https:\/\/colchoneriamontserrat.pixupbusiness.com\/ca\/wp-json\/wp\/v2\/comments?post=28073"}],"wp:featuredmedia":[{"embeddable":true,"href":"https:\/\/colchoneriamontserrat.pixupbusiness.com\/ca\/wp-json\/wp\/v2\/media\/33036"}],"wp:attachment":[{"href":"https:\/\/colchoneriamontserrat.pixupbusiness.com\/ca\/wp-json\/wp\/v2\/media?parent=28073"}],"curies":[{"name":"wp","href":"https:\/\/api.w.org\/{rel}","templated":true}]}}