{"id":28864,"date":"2024-12-10T16:03:57","date_gmt":"2024-12-10T15:03:57","guid":{"rendered":"https:\/\/colchoneriamontserrat.pixupbusiness.com\/producto\/protector-bsensible-imp-punto-algodon\/"},"modified":"2025-07-13T02:02:45","modified_gmt":"2025-07-13T01:02:45","slug":"protector-bsensible-imp-punto-algodon","status":"publish","type":"product","link":"https:\/\/colchoneriamontserrat.pixupbusiness.com\/ca\/producto\/protector-bsensible-imp-punto-algodon\/","title":{"rendered":"PROTECTOR BSENSIBLE IMP. PUNTO ALGOD\u00d3N"},"content":{"rendered":"<p>Confeccionado con tejido de punto 100% algod\u00f3n, ofrece una superficie suave y confortable.<\/p>\n<p>La cara inferior impermeable act\u00faa de barrera contra \u00e1caros, bacterias y hongos. Por ello es un producto recomendado para personas que sufren alergias dermatol\u00f3gicas y respiratorias.<\/p>\n<p>Ropa de cama producida con responsabilidad social, trazabilidad total y sostenibilidad ambiental, fabricada totalmente en Europa.<\/p>\n","protected":false},"excerpt":{"rendered":"<p>Confeccionado con tejido de punto 100% algod\u00f3n, ofrece una superficie suave y confortable.<\/p>\n<p>La cara inferior impermeable act\u00faa de barrera contra \u00e1caros, bacterias y hongos. Por ello es un producto recomendado para personas que sufren alergias dermatol\u00f3gicas y respiratorias.<\/p>\n<p>Ropa de cama producida con responsabilidad social, trazabilidad total y sostenibilidad ambiental, fabricada totalmente en Europa.<\/p>\n<p> <a class=\"continue\" href=\"https:\/\/colchoneriamontserrat.pixupbusiness.com\/ca\/producto\/protector-bsensible-imp-punto-algodon\/\">Continuar leyendo<span> PROTECTOR BSENSIBLE IMP. PUNTO ALGOD\u00d3N<\/span><\/a><\/p>\n","protected":false},"featured_media":33016,"comment_status":"open","ping_status":"closed","template":"","meta":[],"class_list":["post-28864","product","type-product","status-publish","has-post-thumbnail","hentry","product_cat-proteccion-de-cama","product_cat-protector-de-colchon","product_shipping_class-petits-productes"],"yoast_head":"<!-- This site is optimized with the Yoast SEO plugin v25.5 - https:\/\/yoast.com\/wordpress\/plugins\/seo\/ -->\n<title>PROTECTOR BSENSIBLE IMP. PUNTO ALGOD\u00d3N - Colchoneria Montserrat<\/title>\n<meta name=\"robots\" content=\"noindex, follow, max-snippet:-1, max-image-preview:large, max-video-preview:-1\" \/>\n<meta property=\"og:locale\" content=\"ca_ES\" \/>\n<meta property=\"og:type\" content=\"article\" \/>\n<meta property=\"og:title\" content=\"PROTECTOR BSENSIBLE IMP. PUNTO ALGOD\u00d3N - Colchoneria Montserrat\" \/>\n<meta property=\"og:description\" content=\"Confeccionado con tejido de punto 100% algod\u00f3n, ofrece una superficie suave y confortable.  La cara inferior impermeable act\u00faa de barrera contra \u00e1caros, bacterias y hongos. Por ello es un producto recomendado para personas que sufren alergias dermatol\u00f3gicas y respiratorias.  Ropa de cama producida con responsabilidad social, trazabilidad total y sostenibilidad ambiental, fabricada totalmente en Europa.   Continuar leyendo PROTECTOR BSENSIBLE IMP. PUNTO ALGOD\u00d3N\" \/>\n<meta property=\"og:url\" content=\"https:\/\/colchoneriamontserrat.pixupbusiness.com\/producto\/protector-bsensible-imp-punto-algodon\/\" \/>\n<meta property=\"og:site_name\" content=\"Colchoneria Montserrat\" \/>\n<meta property=\"article:publisher\" content=\"https:\/\/www.facebook.com\/colchoneriamontserrat\" \/>\n<meta property=\"article:modified_time\" content=\"2025-07-13T01:02:45+00:00\" \/>\n<meta property=\"og:image\" content=\"https:\/\/colchoneriamontserrat.pixupbusiness.com\/wp-content\/uploads\/2025\/07\/sai_466c0a58379064a287c254383c20c986-4.jpg\" \/>\n\t<meta property=\"og:image:width\" content=\"1920\" \/>\n\t<meta property=\"og:image:height\" content=\"1080\" \/>\n\t<meta property=\"og:image:type\" content=\"image\/jpeg\" \/>\n<meta name=\"twitter:card\" content=\"summary_large_image\" \/>\n<script type=\"application\/ld+json\" class=\"yoast-schema-graph\">{\"@context\":\"https:\/\/schema.org\",\"@graph\":[{\"@type\":\"WebPage\",\"@id\":\"https:\/\/colchoneriamontserrat.pixupbusiness.com\/producto\/protector-bsensible-imp-punto-algodon\/\",\"url\":\"https:\/\/colchoneriamontserrat.pixupbusiness.com\/producto\/protector-bsensible-imp-punto-algodon\/\",\"name\":\"PROTECTOR BSENSIBLE IMP. PUNTO ALGOD\u00d3N - Colchoneria Montserrat\",\"isPartOf\":{\"@id\":\"https:\/\/colchoneriamontserrat.pixupbusiness.com\/#website\"},\"primaryImageOfPage\":{\"@id\":\"https:\/\/colchoneriamontserrat.pixupbusiness.com\/producto\/protector-bsensible-imp-punto-algodon\/#primaryimage\"},\"image\":{\"@id\":\"https:\/\/colchoneriamontserrat.pixupbusiness.com\/producto\/protector-bsensible-imp-punto-algodon\/#primaryimage\"},\"thumbnailUrl\":\"https:\/\/colchoneriamontserrat.pixupbusiness.com\/wp-content\/uploads\/2025\/07\/sai_466c0a58379064a287c254383c20c986-4.jpg\",\"datePublished\":\"2024-12-10T15:03:57+00:00\",\"dateModified\":\"2025-07-13T01:02:45+00:00\",\"breadcrumb\":{\"@id\":\"https:\/\/colchoneriamontserrat.pixupbusiness.com\/producto\/protector-bsensible-imp-punto-algodon\/#breadcrumb\"},\"inLanguage\":\"ca\",\"potentialAction\":[{\"@type\":\"ReadAction\",\"target\":[\"https:\/\/colchoneriamontserrat.pixupbusiness.com\/producto\/protector-bsensible-imp-punto-algodon\/\"]}]},{\"@type\":\"ImageObject\",\"inLanguage\":\"ca\",\"@id\":\"https:\/\/colchoneriamontserrat.pixupbusiness.com\/producto\/protector-bsensible-imp-punto-algodon\/#primaryimage\",\"url\":\"https:\/\/colchoneriamontserrat.pixupbusiness.com\/wp-content\/uploads\/2025\/07\/sai_466c0a58379064a287c254383c20c986-4.jpg\",\"contentUrl\":\"https:\/\/colchoneriamontserrat.pixupbusiness.com\/wp-content\/uploads\/2025\/07\/sai_466c0a58379064a287c254383c20c986-4.jpg\",\"width\":1920,\"height\":1080},{\"@type\":\"BreadcrumbList\",\"@id\":\"https:\/\/colchoneriamontserrat.pixupbusiness.com\/producto\/protector-bsensible-imp-punto-algodon\/#breadcrumb\",\"itemListElement\":[{\"@type\":\"ListItem\",\"position\":1,\"name\":\"Portada\",\"item\":\"https:\/\/colchoneriamontserrat.pixupbusiness.com\/ca\/\"},{\"@type\":\"ListItem\",\"position\":2,\"name\":\"Tienda\",\"item\":\"https:\/\/colchoneriamontserrat.pixupbusiness.com\/tienda\/\"},{\"@type\":\"ListItem\",\"position\":3,\"name\":\"PROTECTOR BSENSIBLE IMP. PUNTO ALGOD\u00d3N\"}]},{\"@type\":\"WebSite\",\"@id\":\"https:\/\/colchoneriamontserrat.pixupbusiness.com\/#website\",\"url\":\"https:\/\/colchoneriamontserrat.pixupbusiness.com\/\",\"name\":\"Colchoneria Montserrat\",\"description\":\"\",\"publisher\":{\"@id\":\"https:\/\/colchoneriamontserrat.pixupbusiness.com\/#organization\"},\"potentialAction\":[{\"@type\":\"SearchAction\",\"target\":{\"@type\":\"EntryPoint\",\"urlTemplate\":\"https:\/\/colchoneriamontserrat.pixupbusiness.com\/?s={search_term_string}\"},\"query-input\":{\"@type\":\"PropertyValueSpecification\",\"valueRequired\":true,\"valueName\":\"search_term_string\"}}],\"inLanguage\":\"ca\"},{\"@type\":\"Organization\",\"@id\":\"https:\/\/colchoneriamontserrat.pixupbusiness.com\/#organization\",\"name\":\"Colchoneria Montserrat\",\"url\":\"https:\/\/colchoneriamontserrat.pixupbusiness.com\/\",\"logo\":{\"@type\":\"ImageObject\",\"inLanguage\":\"ca\",\"@id\":\"https:\/\/colchoneriamontserrat.pixupbusiness.com\/#\/schema\/logo\/image\/\",\"url\":\"https:\/\/colchoneriamontserrat.pixupbusiness.com\/wp-content\/uploads\/2023\/06\/Logo-Montserrat-2022-BLACK.png\",\"contentUrl\":\"https:\/\/colchoneriamontserrat.pixupbusiness.com\/wp-content\/uploads\/2023\/06\/Logo-Montserrat-2022-BLACK.png\",\"width\":600,\"height\":183,\"caption\":\"Colchoneria Montserrat\"},\"image\":{\"@id\":\"https:\/\/colchoneriamontserrat.pixupbusiness.com\/#\/schema\/logo\/image\/\"},\"sameAs\":[\"https:\/\/www.facebook.com\/colchoneriamontserrat\"]}]}<\/script>\n<!-- \/ Yoast SEO plugin. -->","yoast_head_json":{"title":"PROTECTOR BSENSIBLE IMP. PUNTO ALGOD\u00d3N - Colchoneria Montserrat","robots":{"index":"noindex","follow":"follow","max-snippet":"max-snippet:-1","max-image-preview":"max-image-preview:large","max-video-preview":"max-video-preview:-1"},"og_locale":"ca_ES","og_type":"article","og_title":"PROTECTOR BSENSIBLE IMP. PUNTO ALGOD\u00d3N - Colchoneria Montserrat","og_description":"Confeccionado con tejido de punto 100% algod\u00f3n, ofrece una superficie suave y confortable.  La cara inferior impermeable act\u00faa de barrera contra \u00e1caros, bacterias y hongos. Por ello es un producto recomendado para personas que sufren alergias dermatol\u00f3gicas y respiratorias.  Ropa de cama producida con responsabilidad social, trazabilidad total y sostenibilidad ambiental, fabricada totalmente en Europa.   Continuar leyendo PROTECTOR BSENSIBLE IMP. PUNTO ALGOD\u00d3N","og_url":"https:\/\/colchoneriamontserrat.pixupbusiness.com\/producto\/protector-bsensible-imp-punto-algodon\/","og_site_name":"Colchoneria Montserrat","article_publisher":"https:\/\/www.facebook.com\/colchoneriamontserrat","article_modified_time":"2025-07-13T01:02:45+00:00","og_image":[{"width":1920,"height":1080,"url":"https:\/\/colchoneriamontserrat.pixupbusiness.com\/wp-content\/uploads\/2025\/07\/sai_466c0a58379064a287c254383c20c986-4.jpg","type":"image\/jpeg"}],"twitter_card":"summary_large_image","schema":{"@context":"https:\/\/schema.org","@graph":[{"@type":"WebPage","@id":"https:\/\/colchoneriamontserrat.pixupbusiness.com\/producto\/protector-bsensible-imp-punto-algodon\/","url":"https:\/\/colchoneriamontserrat.pixupbusiness.com\/producto\/protector-bsensible-imp-punto-algodon\/","name":"PROTECTOR BSENSIBLE IMP. PUNTO ALGOD\u00d3N - Colchoneria Montserrat","isPartOf":{"@id":"https:\/\/colchoneriamontserrat.pixupbusiness.com\/#website"},"primaryImageOfPage":{"@id":"https:\/\/colchoneriamontserrat.pixupbusiness.com\/producto\/protector-bsensible-imp-punto-algodon\/#primaryimage"},"image":{"@id":"https:\/\/colchoneriamontserrat.pixupbusiness.com\/producto\/protector-bsensible-imp-punto-algodon\/#primaryimage"},"thumbnailUrl":"https:\/\/colchoneriamontserrat.pixupbusiness.com\/wp-content\/uploads\/2025\/07\/sai_466c0a58379064a287c254383c20c986-4.jpg","datePublished":"2024-12-10T15:03:57+00:00","dateModified":"2025-07-13T01:02:45+00:00","breadcrumb":{"@id":"https:\/\/colchoneriamontserrat.pixupbusiness.com\/producto\/protector-bsensible-imp-punto-algodon\/#breadcrumb"},"inLanguage":"ca","potentialAction":[{"@type":"ReadAction","target":["https:\/\/colchoneriamontserrat.pixupbusiness.com\/producto\/protector-bsensible-imp-punto-algodon\/"]}]},{"@type":"ImageObject","inLanguage":"ca","@id":"https:\/\/colchoneriamontserrat.pixupbusiness.com\/producto\/protector-bsensible-imp-punto-algodon\/#primaryimage","url":"https:\/\/colchoneriamontserrat.pixupbusiness.com\/wp-content\/uploads\/2025\/07\/sai_466c0a58379064a287c254383c20c986-4.jpg","contentUrl":"https:\/\/colchoneriamontserrat.pixupbusiness.com\/wp-content\/uploads\/2025\/07\/sai_466c0a58379064a287c254383c20c986-4.jpg","width":1920,"height":1080},{"@type":"BreadcrumbList","@id":"https:\/\/colchoneriamontserrat.pixupbusiness.com\/producto\/protector-bsensible-imp-punto-algodon\/#breadcrumb","itemListElement":[{"@type":"ListItem","position":1,"name":"Portada","item":"https:\/\/colchoneriamontserrat.pixupbusiness.com\/ca\/"},{"@type":"ListItem","position":2,"name":"Tienda","item":"https:\/\/colchoneriamontserrat.pixupbusiness.com\/tienda\/"},{"@type":"ListItem","position":3,"name":"PROTECTOR BSENSIBLE IMP. PUNTO ALGOD\u00d3N"}]},{"@type":"WebSite","@id":"https:\/\/colchoneriamontserrat.pixupbusiness.com\/#website","url":"https:\/\/colchoneriamontserrat.pixupbusiness.com\/","name":"Colchoneria Montserrat","description":"","publisher":{"@id":"https:\/\/colchoneriamontserrat.pixupbusiness.com\/#organization"},"potentialAction":[{"@type":"SearchAction","target":{"@type":"EntryPoint","urlTemplate":"https:\/\/colchoneriamontserrat.pixupbusiness.com\/?s={search_term_string}"},"query-input":{"@type":"PropertyValueSpecification","valueRequired":true,"valueName":"search_term_string"}}],"inLanguage":"ca"},{"@type":"Organization","@id":"https:\/\/colchoneriamontserrat.pixupbusiness.com\/#organization","name":"Colchoneria Montserrat","url":"https:\/\/colchoneriamontserrat.pixupbusiness.com\/","logo":{"@type":"ImageObject","inLanguage":"ca","@id":"https:\/\/colchoneriamontserrat.pixupbusiness.com\/#\/schema\/logo\/image\/","url":"https:\/\/colchoneriamontserrat.pixupbusiness.com\/wp-content\/uploads\/2023\/06\/Logo-Montserrat-2022-BLACK.png","contentUrl":"https:\/\/colchoneriamontserrat.pixupbusiness.com\/wp-content\/uploads\/2023\/06\/Logo-Montserrat-2022-BLACK.png","width":600,"height":183,"caption":"Colchoneria Montserrat"},"image":{"@id":"https:\/\/colchoneriamontserrat.pixupbusiness.com\/#\/schema\/logo\/image\/"},"sameAs":["https:\/\/www.facebook.com\/colchoneriamontserrat"]}]}},"_links":{"self":[{"href":"https:\/\/colchoneriamontserrat.pixupbusiness.com\/ca\/wp-json\/wp\/v2\/product\/28864","targetHints":{"allow":["GET"]}}],"collection":[{"href":"https:\/\/colchoneriamontserrat.pixupbusiness.com\/ca\/wp-json\/wp\/v2\/product"}],"about":[{"href":"https:\/\/colchoneriamontserrat.pixupbusiness.com\/ca\/wp-json\/wp\/v2\/types\/product"}],"replies":[{"embeddable":true,"href":"https:\/\/colchoneriamontserrat.pixupbusiness.com\/ca\/wp-json\/wp\/v2\/comments?post=28864"}],"wp:featuredmedia":[{"embeddable":true,"href":"https:\/\/colchoneriamontserrat.pixupbusiness.com\/ca\/wp-json\/wp\/v2\/media\/33016"}],"wp:attachment":[{"href":"https:\/\/colchoneriamontserrat.pixupbusiness.com\/ca\/wp-json\/wp\/v2\/media?parent=28864"}],"curies":[{"name":"wp","href":"https:\/\/api.w.org\/{rel}","templated":true}]}}